{"id":913,"date":"2023-08-09T21:22:47","date_gmt":"2023-08-09T19:22:47","guid":{"rendered":"https:\/\/www.becker-hrs.at\/hrs\/?page_id=913"},"modified":"2026-03-03T18:46:09","modified_gmt":"2026-03-03T17:46:09","slug":"startseite","status":"publish","type":"page","link":"https:\/\/www.becker-hrs.at\/hrs\/","title":{"rendered":"Home hrs x"},"content":{"rendered":"<div id='layer_slider_1'  class='avia-layerslider main_color avia-shadow  avia-builder-el-0  el_before_av_hr  avia-builder-el-first  container_wrap sidebar_left'  style='height: 406px;'  ><\/div><div id='after_layer_slider_1'  class='main_color av_default_container_wrap container_wrap sidebar_left'  ><div class='container av-section-cont-open' ><div class='template-page content  av-content-small units'><div class='post-entry post-entry-type-page post-entry-913'><div class='entry-content-wrapper clearfix'>\n\n<style type=\"text\/css\" data-created_by=\"avia_inline_auto\" id=\"style-css-av-2j0629-98f141eec7d280e82476e5d310eca3e6\">\n#top .hr.hr-invisible.av-2j0629-98f141eec7d280e82476e5d310eca3e6{\nheight:60px;\n}\n<\/style>\n<div  class='hr av-2j0629-98f141eec7d280e82476e5d310eca3e6 hr-invisible  avia-builder-el-1  el_after_av_layerslider  el_before_av_one_full  avia-builder-el-first '><span class='hr-inner '><span class=\"hr-inner-style\"><\/span><\/span><\/div>\n\n<style type=\"text\/css\" data-created_by=\"avia_inline_auto\" id=\"style-css-av-23tw61-af24591a31dd7fb035105d88e0cb2fdb\">\n.flex_column.av-23tw61-af24591a31dd7fb035105d88e0cb2fdb{\nborder-radius:0px 0px 0px 0px;\n-webkit-border-radius:0px 0px 0px 0px;\n-moz-border-radius:0px 0px 0px 0px;\n}\n<\/style>\n<div class='flex_column av-23tw61-af24591a31dd7fb035105d88e0cb2fdb av_one_full  avia-builder-el-2  el_after_av_hr  el_before_av_hr  first flex_column_div av-zero-column-padding '   ><section  class='av_textblock_section av-1zctk1-71a3acce5d626170cf796d29d585a8a2'  itemscope=\"itemscope\" itemtype=\"https:\/\/schema.org\/CreativeWork\" ><div class='avia_textblock'  itemprop=\"text\" ><h2>Personalberatung &amp; Executive Search<\/h2>\n<p style=\"text-align: left;\">Als Spezialisten im nationalen wie internationalen Direct Search, finden und sprechen wir auf effiziente Weise Ihre zuk\u00fcnftigen Mitarbeiter in F\u00fchrungs-, Verkaufs- und fachspezifischen Schl\u00fcsselpositionen an. Mit unterst\u00fctzenden Ma\u00dfnahmen, wie Potenzialanalysen und Assessment Center, sichern wir Besetzungen fundiert ab.<\/p>\n<\/div><\/section><\/div>\n\n<style type=\"text\/css\" data-created_by=\"avia_inline_auto\" id=\"style-css-av-1sczyx-0e5c3de85ffd541d6b082965f6cdefd3\">\n#top .hr.hr-invisible.av-1sczyx-0e5c3de85ffd541d6b082965f6cdefd3{\nheight:50px;\n}\n<\/style>\n<div  class='hr av-1sczyx-0e5c3de85ffd541d6b082965f6cdefd3 hr-invisible  avia-builder-el-4  el_after_av_one_full  el_before_av_one_full '><span class='hr-inner '><span class=\"hr-inner-style\"><\/span><\/span><\/div>\n\n<style type=\"text\/css\" data-created_by=\"avia_inline_auto\" id=\"style-css-av-1j0vnt-e64ac0c6574f80a632134924d9da4304\">\n.flex_column.av-1j0vnt-e64ac0c6574f80a632134924d9da4304{\nborder-radius:0px 0px 0px 0px;\n-webkit-border-radius:0px 0px 0px 0px;\n-moz-border-radius:0px 0px 0px 0px;\npadding:50px 50px 50px 50px;\nbackground:url(https:\/\/www.becker-hrs.at\/hrs\/wp-content\/uploads\/people-1.png) 100% 50% no-repeat scroll #f5f5f5;\n}\n<\/style>\n<div class='flex_column av-1j0vnt-e64ac0c6574f80a632134924d9da4304 av_one_full  avia-builder-el-5  el_after_av_hr  el_before_av_hr  first flex_column_div '   ><section  class='av_textblock_section av-1eenv5-753078e6e142fb12b00b38be9f4278e9'  itemscope=\"itemscope\" itemtype=\"https:\/\/schema.org\/CreativeWork\" ><div class='avia_textblock'  itemprop=\"text\" ><h1>Wir besetzen als Spezialisten Fach-und F\u00fchrungspositionen<br \/>\n&amp; bieten gezielte Personalentwicklung f\u00fcr Unternehmen<\/h1>\n<p><strong><div  class='avia-button-wrap avia-button-left  avia-builder-el-7  avia-builder-el-no-sibling ' ><a href='https:\/\/www.becker-hrs.at\/hrs\/kontakt\/'  class='avia-button av-17e4td-9c5ee65c391f9c8deb15ee3d342b1d94 avia-icon_select-no avia-size-medium avia-position-left avia-color-theme-color' ><span class='avia_iconbox_title' >Jetzt kontaktieren<\/span><\/a><\/div><\/strong><\/p>\n<\/div><\/section><\/div>\n\n<style type=\"text\/css\" data-created_by=\"avia_inline_auto\" id=\"style-css-av-15623l-580f443da9eb4f04af94fb199f6721b5\">\n#top .hr.hr-invisible.av-15623l-580f443da9eb4f04af94fb199f6721b5{\nheight:50px;\n}\n<\/style>\n<div  class='hr av-15623l-580f443da9eb4f04af94fb199f6721b5 hr-invisible  avia-builder-el-8  el_after_av_one_full  el_before_av_one_fourth '><span class='hr-inner '><span class=\"hr-inner-style\"><\/span><\/span><\/div>\n\n<style type=\"text\/css\" data-created_by=\"avia_inline_auto\" id=\"style-css-av-3ejyx-499dccd30d8cf6ae7135eda7fc3b65ec\">\n.flex_column.av-3ejyx-499dccd30d8cf6ae7135eda7fc3b65ec{\nborder-radius:0px 0px 0px 0px;\n-webkit-border-radius:0px 0px 0px 0px;\n-moz-border-radius:0px 0px 0px 0px;\n}\n<\/style>\n<div class='flex_column av-3ejyx-499dccd30d8cf6ae7135eda7fc3b65ec av_one_fourth  avia-builder-el-9  el_after_av_hr  el_before_av_three_fourth  first flex_column_div av-zero-column-padding '   ><section  class='av_textblock_section av-qao6h-2b00a136c6a59b293e814ef9eb87b45e'  itemscope=\"itemscope\" itemtype=\"https:\/\/schema.org\/CreativeWork\" ><div class='avia_textblock'  itemprop=\"text\" ><h2>Aktuelle Jobangebote<\/h2>\n<p>Derzeit suchen wir folgende Positionen in den Bereichen, F\u00fchrungs-, und Fachkr\u00e4fte und Vertriebspositionen<\/p>\n<p><strong><div  class='avia-button-wrap avia-button-left  avia-builder-el-11  avia-builder-el-no-sibling ' ><a href='https:\/\/www.becker-hrs.at\/hrs\/aktuelle-jobangebote\/'  class='avia-button av-kpnap-27b8709f7e895cddd72ffe67c4c13afb avia-icon_select-no avia-size-medium avia-position-left avia-color-theme-color' ><span class='avia_iconbox_title' >Alle anzeigen<\/span><\/a><\/div><\/strong><\/p>\n<\/div><\/section><\/div>\n\n<style type=\"text\/css\" data-created_by=\"avia_inline_auto\" id=\"style-css-av-g0oqh-ef3a97189eef2a917e7c3e2417030ca5\">\n.flex_column.av-g0oqh-ef3a97189eef2a917e7c3e2417030ca5{\nborder-radius:0px 0px 0px 0px;\n-webkit-border-radius:0px 0px 0px 0px;\n-moz-border-radius:0px 0px 0px 0px;\n}\n<\/style>\n<div class='flex_column av-g0oqh-ef3a97189eef2a917e7c3e2417030ca5 av_three_fourth  avia-builder-el-12  el_after_av_one_fourth  avia-builder-el-last  flex_column_div av-zero-column-padding '   ><div   data-autoplay=''  data-interval='5'  data-animation='fade'  data-show_slide_delay='90'  class='avia-content-slider avia-content-grid-active avia-content-slider1 avia-content-slider-odd  avia-builder-el-13  avia-builder-el-no-sibling  '  itemscope=\"itemscope\" itemtype=\"https:\/\/schema.org\/Blog\" ><div class='avia-content-slider-inner'><div class='slide-entry-wrap'><article class='slide-entry flex_column  post-entry post-entry-1117 slide-entry-overview slide-loop-1 slide-parity-odd  av_fullwidth first fake-thumbnail post-format-standard'  itemscope=\"itemscope\" itemtype=\"https:\/\/schema.org\/CreativeWork\" ><a href='https:\/\/www.becker-hrs.at\/hrs\/bid-manager-mit-sitz-in-wien-m-w-d\/' data-rel='slide-1' class='slide-image' title='BID Manager mit Sitz in Wien (m\/w\/d)'><span class='fallback-post-type-icon' aria-hidden='true' data-av_icon='\ue836' data-av_iconfont='entypo-fontello'><\/span><span class='slider-fallback-image'><\/span><\/a><div class='slide-content'><header class=\"entry-content-header\"><h3 class='slide-entry-title entry-title '  itemprop=\"headline\" ><a href='https:\/\/www.becker-hrs.at\/hrs\/bid-manager-mit-sitz-in-wien-m-w-d\/' title='BID Manager mit Sitz in Wien (m\/w\/d)'>BID Manager mit Sitz in Wien (m\/w\/d)<\/a><\/h3><span class=\"av-vertical-delimiter\"><\/span><\/header><\/div><footer class=\"entry-footer\"><\/footer><span class='hidden'>\n\t\t\t\t<span class='av-structured-data'  itemprop=\"image\" itemscope=\"itemscope\" itemtype=\"https:\/\/schema.org\/ImageObject\" >\n\t\t\t\t\t\t<span itemprop='url'>http:\/\/www.becker-medsolutions.eu\/hrs\/wp-content\/uploads\/logo-2.png<\/span>\n\t\t\t\t\t\t<span itemprop='height'>0<\/span>\n\t\t\t\t\t\t<span itemprop='width'>0<\/span>\n\t\t\t\t<\/span>\n\t\t\t\t<span class='av-structured-data'  itemprop=\"publisher\" itemtype=\"https:\/\/schema.org\/Organization\" itemscope=\"itemscope\" >\n\t\t\t\t\t\t<span itemprop='name'>admin<\/span>\n\t\t\t\t\t\t<span itemprop='logo' itemscope itemtype='https:\/\/schema.org\/ImageObject'>\n\t\t\t\t\t\t\t<span itemprop='url'>http:\/\/www.becker-medsolutions.eu\/hrs\/wp-content\/uploads\/logo-2.png<\/span>\n\t\t\t\t\t\t <\/span>\n\t\t\t\t<\/span><span class='av-structured-data'  itemprop=\"author\" itemscope=\"itemscope\" itemtype=\"https:\/\/schema.org\/Person\" ><span itemprop='name'>admin<\/span><\/span><span class='av-structured-data'  itemprop=\"datePublished\" datetime=\"2023-08-09T21:22:47+02:00\" >2025-09-12 14:43:57<\/span><span class='av-structured-data'  itemprop=\"dateModified\" itemtype=\"https:\/\/schema.org\/dateModified\" >2026-03-05 11:59:35<\/span><span class='av-structured-data'  itemprop=\"mainEntityOfPage\" itemtype=\"https:\/\/schema.org\/mainEntityOfPage\" ><span itemprop='name'>BID Manager mit Sitz in Wien (m\/w\/d)<\/span><\/span><\/span><\/article><\/div><div class='slide-entry-wrap'><article class='slide-entry flex_column  post-entry post-entry-920 slide-entry-overview slide-loop-2 slide-parity-odd  av_fullwidth first fake-thumbnail post-format-standard'  itemscope=\"itemscope\" itemtype=\"https:\/\/schema.org\/CreativeWork\" ><a href='https:\/\/www.becker-hrs.at\/hrs\/associate-junior-oder-senior-consultant-in-wien-m-w-d\/' data-rel='slide-1' class='slide-image' title='Associate\/Junior oder Senior Consultant in Wien (m\/w\/d)'><span class='fallback-post-type-icon' aria-hidden='true' data-av_icon='\ue836' data-av_iconfont='entypo-fontello'><\/span><span class='slider-fallback-image'><\/span><\/a><div class='slide-content'><header class=\"entry-content-header\"><h3 class='slide-entry-title entry-title '  itemprop=\"headline\" ><a href='https:\/\/www.becker-hrs.at\/hrs\/associate-junior-oder-senior-consultant-in-wien-m-w-d\/' title='Associate\/Junior oder Senior Consultant in Wien (m\/w\/d)'>Associate\/Junior oder Senior Consultant in Wien (m\/w\/d)<\/a><\/h3><span class=\"av-vertical-delimiter\"><\/span><\/header><\/div><footer class=\"entry-footer\"><\/footer><span class='hidden'>\n\t\t\t\t<span class='av-structured-data'  itemprop=\"image\" itemscope=\"itemscope\" itemtype=\"https:\/\/schema.org\/ImageObject\" >\n\t\t\t\t\t\t<span itemprop='url'>http:\/\/www.becker-medsolutions.eu\/hrs\/wp-content\/uploads\/logo-2.png<\/span>\n\t\t\t\t\t\t<span itemprop='height'>0<\/span>\n\t\t\t\t\t\t<span itemprop='width'>0<\/span>\n\t\t\t\t<\/span>\n\t\t\t\t<span class='av-structured-data'  itemprop=\"publisher\" itemtype=\"https:\/\/schema.org\/Organization\" itemscope=\"itemscope\" >\n\t\t\t\t\t\t<span itemprop='name'>admin<\/span>\n\t\t\t\t\t\t<span itemprop='logo' itemscope itemtype='https:\/\/schema.org\/ImageObject'>\n\t\t\t\t\t\t\t<span itemprop='url'>http:\/\/www.becker-medsolutions.eu\/hrs\/wp-content\/uploads\/logo-2.png<\/span>\n\t\t\t\t\t\t <\/span>\n\t\t\t\t<\/span><span class='av-structured-data'  itemprop=\"author\" itemscope=\"itemscope\" itemtype=\"https:\/\/schema.org\/Person\" ><span itemprop='name'>admin<\/span><\/span><span class='av-structured-data'  itemprop=\"datePublished\" datetime=\"2023-08-09T21:22:47+02:00\" >2023-08-30 08:15:55<\/span><span class='av-structured-data'  itemprop=\"dateModified\" itemtype=\"https:\/\/schema.org\/dateModified\" >2026-03-05 11:59:00<\/span><span class='av-structured-data'  itemprop=\"mainEntityOfPage\" itemtype=\"https:\/\/schema.org\/mainEntityOfPage\" ><span itemprop='name'>Associate\/Junior oder Senior Consultant in Wien (m\/w\/d)<\/span><\/span><\/span><\/article><\/div><div class='slide-entry-wrap'><article class='slide-entry flex_column  post-entry post-entry-906 slide-entry-overview slide-loop-3 slide-parity-odd  post-entry-last  av_fullwidth first fake-thumbnail post-format-standard'  itemscope=\"itemscope\" itemtype=\"https:\/\/schema.org\/CreativeWork\" ><a href='https:\/\/www.becker-hrs.at\/hrs\/key-account-manager-fuer-oberoesterreich-m-w\/' data-rel='slide-1' class='slide-image' title='Key Account Manager f\u00fcr Ober\u00f6sterreich (m\/w)'><span class='fallback-post-type-icon' aria-hidden='true' data-av_icon='\ue836' data-av_iconfont='entypo-fontello'><\/span><span class='slider-fallback-image'><\/span><\/a><div class='slide-content'><header class=\"entry-content-header\"><h3 class='slide-entry-title entry-title '  itemprop=\"headline\" ><a href='https:\/\/www.becker-hrs.at\/hrs\/key-account-manager-fuer-oberoesterreich-m-w\/' title='Key Account Manager f\u00fcr Ober\u00f6sterreich (m\/w)'>Key Account Manager f\u00fcr Ober\u00f6sterreich (m\/w)<\/a><\/h3><span class=\"av-vertical-delimiter\"><\/span><\/header><\/div><footer class=\"entry-footer\"><\/footer><span class='hidden'>\n\t\t\t\t<span class='av-structured-data'  itemprop=\"image\" itemscope=\"itemscope\" itemtype=\"https:\/\/schema.org\/ImageObject\" >\n\t\t\t\t\t\t<span itemprop='url'>http:\/\/www.becker-medsolutions.eu\/hrs\/wp-content\/uploads\/logo-2.png<\/span>\n\t\t\t\t\t\t<span itemprop='height'>0<\/span>\n\t\t\t\t\t\t<span itemprop='width'>0<\/span>\n\t\t\t\t<\/span>\n\t\t\t\t<span class='av-structured-data'  itemprop=\"publisher\" itemtype=\"https:\/\/schema.org\/Organization\" itemscope=\"itemscope\" >\n\t\t\t\t\t\t<span itemprop='name'>admin<\/span>\n\t\t\t\t\t\t<span itemprop='logo' itemscope itemtype='https:\/\/schema.org\/ImageObject'>\n\t\t\t\t\t\t\t<span itemprop='url'>http:\/\/www.becker-medsolutions.eu\/hrs\/wp-content\/uploads\/logo-2.png<\/span>\n\t\t\t\t\t\t <\/span>\n\t\t\t\t<\/span><span class='av-structured-data'  itemprop=\"author\" itemscope=\"itemscope\" itemtype=\"https:\/\/schema.org\/Person\" ><span itemprop='name'>admin<\/span><\/span><span class='av-structured-data'  itemprop=\"datePublished\" datetime=\"2023-08-09T21:22:47+02:00\" >2023-04-05 12:32:00<\/span><span class='av-structured-data'  itemprop=\"dateModified\" itemtype=\"https:\/\/schema.org\/dateModified\" >2026-03-05 12:07:54<\/span><span class='av-structured-data'  itemprop=\"mainEntityOfPage\" itemtype=\"https:\/\/schema.org\/mainEntityOfPage\" ><span itemprop='name'>Key Account Manager f\u00fcr Ober\u00f6sterreich (m\/w)<\/span><\/span><\/span><\/article><\/div><\/div><\/div><\/div>\n","protected":false},"excerpt":{"rendered":"","protected":false},"author":1,"featured_media":0,"parent":0,"menu_order":0,"comment_status":"closed","ping_status":"open","template":"","meta":{"footnotes":""},"class_list":["post-913","page","type-page","status-publish","hentry"],"yoast_head":"<!-- This site is optimized with the Yoast SEO plugin v27.3 - https:\/\/yoast.com\/product\/yoast-seo-wordpress\/ -->\n<title>Home hrs x - Becker Human Resource Solutions<\/title>\n<meta name=\"robots\" content=\"index, follow, max-snippet:-1, max-image-preview:large, max-video-preview:-1\" \/>\n<link rel=\"canonical\" href=\"https:\/\/www.becker-hrs.at\/hrs\/startseite\/\" \/>\n<meta property=\"og:locale\" content=\"de_DE\" \/>\n<meta property=\"og:type\" content=\"article\" \/>\n<meta property=\"og:title\" content=\"Home hrs x - Becker Human Resource Solutions\" \/>\n<meta property=\"og:url\" content=\"https:\/\/www.becker-hrs.at\/hrs\/startseite\/\" \/>\n<meta property=\"og:site_name\" content=\"Becker Human Resource Solutions\" \/>\n<meta property=\"article:modified_time\" content=\"2026-03-03T17:46:09+00:00\" \/>\n<meta name=\"twitter:card\" content=\"summary_large_image\" \/>\n<meta name=\"twitter:label1\" content=\"Gesch\u00e4tzte Lesezeit\" \/>\n\t<meta name=\"twitter:data1\" content=\"2\u00a0Minuten\" \/>\n<script type=\"application\/ld+json\" class=\"yoast-schema-graph\">{\"@context\":\"https:\\\/\\\/schema.org\",\"@graph\":[{\"@type\":\"WebPage\",\"@id\":\"https:\\\/\\\/www.becker-hrs.at\\\/hrs\\\/startseite\\\/\",\"url\":\"https:\\\/\\\/www.becker-hrs.at\\\/hrs\\\/startseite\\\/\",\"name\":\"Home hrs x - Becker Human Resource Solutions\",\"isPartOf\":{\"@id\":\"https:\\\/\\\/www.becker-hrs.at\\\/hrs\\\/#website\"},\"datePublished\":\"2023-08-09T19:22:47+00:00\",\"dateModified\":\"2026-03-03T17:46:09+00:00\",\"breadcrumb\":{\"@id\":\"https:\\\/\\\/www.becker-hrs.at\\\/hrs\\\/startseite\\\/#breadcrumb\"},\"inLanguage\":\"de\",\"potentialAction\":[{\"@type\":\"ReadAction\",\"target\":[\"https:\\\/\\\/www.becker-hrs.at\\\/hrs\\\/startseite\\\/\"]}]},{\"@type\":\"BreadcrumbList\",\"@id\":\"https:\\\/\\\/www.becker-hrs.at\\\/hrs\\\/startseite\\\/#breadcrumb\",\"itemListElement\":[{\"@type\":\"ListItem\",\"position\":1,\"name\":\"Startseite\",\"item\":\"https:\\\/\\\/www.becker-hrs.at\\\/hrs\\\/startseite\\\/\"},{\"@type\":\"ListItem\",\"position\":2,\"name\":\"Home hrs x\"}]},{\"@type\":\"WebSite\",\"@id\":\"https:\\\/\\\/www.becker-hrs.at\\\/hrs\\\/#website\",\"url\":\"https:\\\/\\\/www.becker-hrs.at\\\/hrs\\\/\",\"name\":\"Becker Human Resource Solutions\",\"description\":\"\",\"potentialAction\":[{\"@type\":\"SearchAction\",\"target\":{\"@type\":\"EntryPoint\",\"urlTemplate\":\"https:\\\/\\\/www.becker-hrs.at\\\/hrs\\\/?s={search_term_string}\"},\"query-input\":{\"@type\":\"PropertyValueSpecification\",\"valueRequired\":true,\"valueName\":\"search_term_string\"}}],\"inLanguage\":\"de\"}]}<\/script>\n<!-- \/ Yoast SEO plugin. -->","yoast_head_json":{"title":"Home hrs x - Becker Human Resource Solutions","robots":{"index":"index","follow":"follow","max-snippet":"max-snippet:-1","max-image-preview":"max-image-preview:large","max-video-preview":"max-video-preview:-1"},"canonical":"https:\/\/www.becker-hrs.at\/hrs\/startseite\/","og_locale":"de_DE","og_type":"article","og_title":"Home hrs x - Becker Human Resource Solutions","og_url":"https:\/\/www.becker-hrs.at\/hrs\/startseite\/","og_site_name":"Becker Human Resource Solutions","article_modified_time":"2026-03-03T17:46:09+00:00","twitter_card":"summary_large_image","twitter_misc":{"Gesch\u00e4tzte Lesezeit":"2\u00a0Minuten"},"schema":{"@context":"https:\/\/schema.org","@graph":[{"@type":"WebPage","@id":"https:\/\/www.becker-hrs.at\/hrs\/startseite\/","url":"https:\/\/www.becker-hrs.at\/hrs\/startseite\/","name":"Home hrs x - Becker Human Resource Solutions","isPartOf":{"@id":"https:\/\/www.becker-hrs.at\/hrs\/#website"},"datePublished":"2023-08-09T19:22:47+00:00","dateModified":"2026-03-03T17:46:09+00:00","breadcrumb":{"@id":"https:\/\/www.becker-hrs.at\/hrs\/startseite\/#breadcrumb"},"inLanguage":"de","potentialAction":[{"@type":"ReadAction","target":["https:\/\/www.becker-hrs.at\/hrs\/startseite\/"]}]},{"@type":"BreadcrumbList","@id":"https:\/\/www.becker-hrs.at\/hrs\/startseite\/#breadcrumb","itemListElement":[{"@type":"ListItem","position":1,"name":"Startseite","item":"https:\/\/www.becker-hrs.at\/hrs\/startseite\/"},{"@type":"ListItem","position":2,"name":"Home hrs x"}]},{"@type":"WebSite","@id":"https:\/\/www.becker-hrs.at\/hrs\/#website","url":"https:\/\/www.becker-hrs.at\/hrs\/","name":"Becker Human Resource Solutions","description":"","potentialAction":[{"@type":"SearchAction","target":{"@type":"EntryPoint","urlTemplate":"https:\/\/www.becker-hrs.at\/hrs\/?s={search_term_string}"},"query-input":{"@type":"PropertyValueSpecification","valueRequired":true,"valueName":"search_term_string"}}],"inLanguage":"de"}]}},"_links":{"self":[{"href":"https:\/\/www.becker-hrs.at\/hrs\/wp-json\/wp\/v2\/pages\/913","targetHints":{"allow":["GET"]}}],"collection":[{"href":"https:\/\/www.becker-hrs.at\/hrs\/wp-json\/wp\/v2\/pages"}],"about":[{"href":"https:\/\/www.becker-hrs.at\/hrs\/wp-json\/wp\/v2\/types\/page"}],"author":[{"embeddable":true,"href":"https:\/\/www.becker-hrs.at\/hrs\/wp-json\/wp\/v2\/users\/1"}],"replies":[{"embeddable":true,"href":"https:\/\/www.becker-hrs.at\/hrs\/wp-json\/wp\/v2\/comments?post=913"}],"version-history":[{"count":5,"href":"https:\/\/www.becker-hrs.at\/hrs\/wp-json\/wp\/v2\/pages\/913\/revisions"}],"predecessor-version":[{"id":1163,"href":"https:\/\/www.becker-hrs.at\/hrs\/wp-json\/wp\/v2\/pages\/913\/revisions\/1163"}],"wp:attachment":[{"href":"https:\/\/www.becker-hrs.at\/hrs\/wp-json\/wp\/v2\/media?parent=913"}],"curies":[{"name":"wp","href":"https:\/\/api.w.org\/{rel}","templated":true}]}}