{"id":797,"date":"2018-05-18T14:31:56","date_gmt":"2018-05-18T12:31:56","guid":{"rendered":"http:\/\/www.becker-hrs.at\/hrs\/?page_id=797"},"modified":"2018-05-24T19:56:33","modified_gmt":"2018-05-24T17:56:33","slug":"datenschutzerklaerung","status":"publish","type":"page","link":"https:\/\/www.becker-hrs.at\/hrs\/datenschutzerklaerung\/","title":{"rendered":"Datenschutzerkl\u00e4rung"},"content":{"rendered":"\n<style type=\"text\/css\" data-created_by=\"avia_inline_auto\" id=\"style-css-av-av_one_full-9497bbf8bff73ea4c6992cc17fa9ec36\">\n.flex_column.av-av_one_full-9497bbf8bff73ea4c6992cc17fa9ec36{\nborder-radius:0px 0px 0px 0px;\n-webkit-border-radius:0px 0px 0px 0px;\n-moz-border-radius:0px 0px 0px 0px;\n}\n<\/style>\n<div class='flex_column av-av_one_full-9497bbf8bff73ea4c6992cc17fa9ec36 av_one_full  avia-builder-el-0  avia-builder-el-no-sibling  first flex_column_div av-zero-column-padding '   ><section  class='av_textblock_section av-av_textblock-0366cc7376be6c9e82a3e9cc8987b64f'  itemscope=\"itemscope\" itemtype=\"https:\/\/schema.org\/CreativeWork\" ><div class='avia_textblock'  itemprop=\"text\" ><h3 id=\"heading_Erklaerung_zur_Informationspflicht_2\">Erkl\u00e4rung zur Informationspflicht<\/h3>\n<h4 id=\"heading__Datenschutzerklaerung_\">(Datenschutzerkl\u00e4rung)<\/h4>\n<p>Der Schutz Ihrer pers\u00f6nlichen Daten ist uns ein besonderes Anliegen. Wir verarbeiten Ihre Daten daher ausschlie\u00dflich auf Grundlage der gesetzlichen Bestimmungen (DSGVO, TKG 2003). In diesen Datenschutzinformationen informieren wir Sie \u00fcber die wichtigsten Aspekte der Datenverarbeitung im Rahmen unserer Website.<\/p>\n<h4 id=\"heading_Kontakt_mit_uns\">Kontakt mit uns<\/h4>\n<p>Wenn Sie per Formular auf der Website oder per E-Mail Kontakt mit uns aufnehmen, werden Ihre angegebenen Daten zwecks Bearbeitung der Anfrage und f\u00fcr den Fall von Anschlussfragen sechs Monate bei uns gespeichert. Diese Daten geben wir nicht ohne Ihre Einwilligung weiter.<\/p>\n<p>Um Sie bei Bewerbungen und Anfragen zielgerichtet mit Informationen zu versorgen, erheben und verarbeiten wir au\u00dferdem freiwillig gemachte Angaben zu Interessengebieten, Lebenslauf, T\u00e4tigkeitsbereich, Land, Telefonnummer, Deutschkenntnissen.<\/p>\n<h4 id=\"heading_Ihre_Rechte\">Ihre Rechte<\/h4>\n<p>Ihnen stehen grunds\u00e4tzlich die Rechte auf Auskunft, Berichtigung, L\u00f6schung, Einschr\u00e4nkung, Daten\u00fcbertragbarkeit, Widerruf und Widerspruch zu. Wenn Sie glauben, dass die Verarbeitung Ihrer Daten gegen das Datenschutzrecht verst\u00f6\u00dft oder Ihre datenschutzrechtlichen Anspr\u00fcche sonst in einer Weise verletzt worden sind, k\u00f6nnen Sie sich bei der Aufsichtsbeh\u00f6rde beschweren. In \u00d6sterreich ist dies die Datenschutzbeh\u00f6rde.<\/p>\n<h4 id=\"heading_Ihre_Rechte\">Tracking und Webseitenanalyse<\/h4>\n<p>Auf dieser Website werden keine Tracking oder Analyse-Dienste (wie z.b. Google Analytics) genutzt.<\/p>\n<h4 id=\"heading_Ihre_Rechte\">Bildmaterial<\/h4>\n<p>Alle verwendeten Bilder mit abgebildeten Personen wurden \u00fcber Stockfoto-Dienste rechtm\u00e4\u00dfig lizensiert.<\/p>\n<h4 id=\"heading_Sie_erreichen_uns_unter_folgenden_Kontaktdaten_\">Sie erreichen uns unter folgenden Kontaktdaten:<\/h4>\n<p>Nikolaus Becker, MSc.<br \/>\n<a href=\"mailto:office@becker-hrs.at\" target=\"_blank\" rel=\"noopener noreferrer\">office@becker-hrs.at<\/a><br \/>\n+43 (0) 196 60 210<\/p>\n<\/div><\/section><\/div>\n","protected":false},"excerpt":{"rendered":"","protected":false},"author":1,"featured_media":0,"parent":0,"menu_order":0,"comment_status":"closed","ping_status":"closed","template":"","meta":{"footnotes":""},"class_list":["post-797","page","type-page","status-publish","hentry"],"yoast_head":"<!-- This site is optimized with the Yoast SEO plugin v27.3 - https:\/\/yoast.com\/product\/yoast-seo-wordpress\/ -->\n<title>Datenschutzerkl\u00e4rung - Becker Human Resource Solutions<\/title>\n<meta name=\"robots\" content=\"index, follow, max-snippet:-1, max-image-preview:large, max-video-preview:-1\" \/>\n<link rel=\"canonical\" href=\"https:\/\/www.becker-hrs.at\/hrs\/datenschutzerklaerung\/\" \/>\n<meta property=\"og:locale\" content=\"de_DE\" \/>\n<meta property=\"og:type\" content=\"article\" \/>\n<meta property=\"og:title\" content=\"Datenschutzerkl\u00e4rung - Becker Human Resource Solutions\" \/>\n<meta property=\"og:url\" content=\"https:\/\/www.becker-hrs.at\/hrs\/datenschutzerklaerung\/\" \/>\n<meta property=\"og:site_name\" content=\"Becker Human Resource Solutions\" \/>\n<meta property=\"article:modified_time\" content=\"2018-05-24T17:56:33+00:00\" \/>\n<meta name=\"twitter:card\" content=\"summary_large_image\" \/>\n<meta name=\"twitter:label1\" content=\"Gesch\u00e4tzte Lesezeit\" \/>\n\t<meta name=\"twitter:data1\" content=\"1\u00a0Minute\" \/>\n<script type=\"application\/ld+json\" class=\"yoast-schema-graph\">{\"@context\":\"https:\\\/\\\/schema.org\",\"@graph\":[{\"@type\":\"WebPage\",\"@id\":\"https:\\\/\\\/www.becker-hrs.at\\\/hrs\\\/datenschutzerklaerung\\\/\",\"url\":\"https:\\\/\\\/www.becker-hrs.at\\\/hrs\\\/datenschutzerklaerung\\\/\",\"name\":\"Datenschutzerkl\u00e4rung - Becker Human Resource Solutions\",\"isPartOf\":{\"@id\":\"https:\\\/\\\/www.becker-hrs.at\\\/hrs\\\/#website\"},\"datePublished\":\"2018-05-18T12:31:56+00:00\",\"dateModified\":\"2018-05-24T17:56:33+00:00\",\"breadcrumb\":{\"@id\":\"https:\\\/\\\/www.becker-hrs.at\\\/hrs\\\/datenschutzerklaerung\\\/#breadcrumb\"},\"inLanguage\":\"de\",\"potentialAction\":[{\"@type\":\"ReadAction\",\"target\":[\"https:\\\/\\\/www.becker-hrs.at\\\/hrs\\\/datenschutzerklaerung\\\/\"]}]},{\"@type\":\"BreadcrumbList\",\"@id\":\"https:\\\/\\\/www.becker-hrs.at\\\/hrs\\\/datenschutzerklaerung\\\/#breadcrumb\",\"itemListElement\":[{\"@type\":\"ListItem\",\"position\":1,\"name\":\"Startseite\",\"item\":\"https:\\\/\\\/www.becker-hrs.at\\\/hrs\\\/startseite\\\/\"},{\"@type\":\"ListItem\",\"position\":2,\"name\":\"Datenschutzerkl\u00e4rung\"}]},{\"@type\":\"WebSite\",\"@id\":\"https:\\\/\\\/www.becker-hrs.at\\\/hrs\\\/#website\",\"url\":\"https:\\\/\\\/www.becker-hrs.at\\\/hrs\\\/\",\"name\":\"Becker Human Resource Solutions\",\"description\":\"\",\"potentialAction\":[{\"@type\":\"SearchAction\",\"target\":{\"@type\":\"EntryPoint\",\"urlTemplate\":\"https:\\\/\\\/www.becker-hrs.at\\\/hrs\\\/?s={search_term_string}\"},\"query-input\":{\"@type\":\"PropertyValueSpecification\",\"valueRequired\":true,\"valueName\":\"search_term_string\"}}],\"inLanguage\":\"de\"}]}<\/script>\n<!-- \/ Yoast SEO plugin. -->","yoast_head_json":{"title":"Datenschutzerkl\u00e4rung - Becker Human Resource Solutions","robots":{"index":"index","follow":"follow","max-snippet":"max-snippet:-1","max-image-preview":"max-image-preview:large","max-video-preview":"max-video-preview:-1"},"canonical":"https:\/\/www.becker-hrs.at\/hrs\/datenschutzerklaerung\/","og_locale":"de_DE","og_type":"article","og_title":"Datenschutzerkl\u00e4rung - Becker Human Resource Solutions","og_url":"https:\/\/www.becker-hrs.at\/hrs\/datenschutzerklaerung\/","og_site_name":"Becker Human Resource Solutions","article_modified_time":"2018-05-24T17:56:33+00:00","twitter_card":"summary_large_image","twitter_misc":{"Gesch\u00e4tzte Lesezeit":"1\u00a0Minute"},"schema":{"@context":"https:\/\/schema.org","@graph":[{"@type":"WebPage","@id":"https:\/\/www.becker-hrs.at\/hrs\/datenschutzerklaerung\/","url":"https:\/\/www.becker-hrs.at\/hrs\/datenschutzerklaerung\/","name":"Datenschutzerkl\u00e4rung - Becker Human Resource Solutions","isPartOf":{"@id":"https:\/\/www.becker-hrs.at\/hrs\/#website"},"datePublished":"2018-05-18T12:31:56+00:00","dateModified":"2018-05-24T17:56:33+00:00","breadcrumb":{"@id":"https:\/\/www.becker-hrs.at\/hrs\/datenschutzerklaerung\/#breadcrumb"},"inLanguage":"de","potentialAction":[{"@type":"ReadAction","target":["https:\/\/www.becker-hrs.at\/hrs\/datenschutzerklaerung\/"]}]},{"@type":"BreadcrumbList","@id":"https:\/\/www.becker-hrs.at\/hrs\/datenschutzerklaerung\/#breadcrumb","itemListElement":[{"@type":"ListItem","position":1,"name":"Startseite","item":"https:\/\/www.becker-hrs.at\/hrs\/startseite\/"},{"@type":"ListItem","position":2,"name":"Datenschutzerkl\u00e4rung"}]},{"@type":"WebSite","@id":"https:\/\/www.becker-hrs.at\/hrs\/#website","url":"https:\/\/www.becker-hrs.at\/hrs\/","name":"Becker Human Resource Solutions","description":"","potentialAction":[{"@type":"SearchAction","target":{"@type":"EntryPoint","urlTemplate":"https:\/\/www.becker-hrs.at\/hrs\/?s={search_term_string}"},"query-input":{"@type":"PropertyValueSpecification","valueRequired":true,"valueName":"search_term_string"}}],"inLanguage":"de"}]}},"_links":{"self":[{"href":"https:\/\/www.becker-hrs.at\/hrs\/wp-json\/wp\/v2\/pages\/797","targetHints":{"allow":["GET"]}}],"collection":[{"href":"https:\/\/www.becker-hrs.at\/hrs\/wp-json\/wp\/v2\/pages"}],"about":[{"href":"https:\/\/www.becker-hrs.at\/hrs\/wp-json\/wp\/v2\/types\/page"}],"author":[{"embeddable":true,"href":"https:\/\/www.becker-hrs.at\/hrs\/wp-json\/wp\/v2\/users\/1"}],"replies":[{"embeddable":true,"href":"https:\/\/www.becker-hrs.at\/hrs\/wp-json\/wp\/v2\/comments?post=797"}],"version-history":[{"count":1,"href":"https:\/\/www.becker-hrs.at\/hrs\/wp-json\/wp\/v2\/pages\/797\/revisions"}],"predecessor-version":[{"id":798,"href":"https:\/\/www.becker-hrs.at\/hrs\/wp-json\/wp\/v2\/pages\/797\/revisions\/798"}],"wp:attachment":[{"href":"https:\/\/www.becker-hrs.at\/hrs\/wp-json\/wp\/v2\/media?parent=797"}],"curies":[{"name":"wp","href":"https:\/\/api.w.org\/{rel}","templated":true}]}}