{"id":599,"date":"2016-08-05T18:17:17","date_gmt":"2016-08-05T16:17:17","guid":{"rendered":"http:\/\/www.becker-hrs.at\/hrs\/?page_id=599"},"modified":"2016-08-05T18:17:17","modified_gmt":"2016-08-05T16:17:17","slug":"create-at","status":"publish","type":"page","link":"https:\/\/www.becker-hrs.at\/hrs\/create-at\/","title":{"rendered":"create.at"},"content":{"rendered":"\n<style type=\"text\/css\" data-created_by=\"avia_inline_auto\" id=\"style-css-av-av_one_full-9497bbf8bff73ea4c6992cc17fa9ec36\">\n.flex_column.av-av_one_full-9497bbf8bff73ea4c6992cc17fa9ec36{\nborder-radius:0px 0px 0px 0px;\n-webkit-border-radius:0px 0px 0px 0px;\n-moz-border-radius:0px 0px 0px 0px;\n}\n<\/style>\n<div class='flex_column av-av_one_full-9497bbf8bff73ea4c6992cc17fa9ec36 av_one_full  avia-builder-el-0  avia-builder-el-no-sibling  first flex_column_div av-zero-column-padding '   ><section  class='av_textblock_section av-av_textblock-0366cc7376be6c9e82a3e9cc8987b64f'  itemscope=\"itemscope\" itemtype=\"https:\/\/schema.org\/CreativeWork\" ><div class='avia_textblock'  itemprop=\"text\" ><div id=\"attachment_562\" style=\"width: 243px\" class=\"wp-caption alignleft\"><img loading=\"lazy\" decoding=\"async\" aria-describedby=\"caption-attachment-562\" class=\"wp-image-562\" src=\"http:\/\/www.becker-hrs.at\/hrs\/wp-content\/uploads\/Christoph-Schmidt-Portrait.jpg\" alt=\"Christoph Schmidt Portrait\" width=\"233\" height=\"301\" srcset=\"https:\/\/www.becker-hrs.at\/hrs\/wp-content\/uploads\/Christoph-Schmidt-Portrait.jpg 671w, https:\/\/www.becker-hrs.at\/hrs\/wp-content\/uploads\/Christoph-Schmidt-Portrait-232x300.jpg 232w, https:\/\/www.becker-hrs.at\/hrs\/wp-content\/uploads\/Christoph-Schmidt-Portrait-546x705.jpg 546w, https:\/\/www.becker-hrs.at\/hrs\/wp-content\/uploads\/Christoph-Schmidt-Portrait-450x581.jpg 450w\" sizes=\"auto, (max-width: 233px) 100vw, 233px\" \/><p id=\"caption-attachment-562\" class=\"wp-caption-text\">Christoph Schmidt-M\u00e5rtensson Gesch\u00e4ftsf\u00fchrer<\/p><\/div>\n<p><span class=\"fs22 ff2\">Mit becker: human resource solutions haben wir einen zuverl\u00e4ssigen Partner f\u00fcr die Qualifizierung unserer Stellenbesetzungen gefunden.<br \/>\nMittels der eingesetzten Potentialanalyse und eines darauffolgenden detaillierten Feedbackgespr\u00e4ches durch unseren externen HR Experten, werden die f\u00fcr uns wichtigen Bereiche: Arbeitsstil, Kommunikationsverhalten und innere Antriebskr\u00e4fte, genau reflektiert. Dadurch wird es f\u00fcr meine F\u00fchrungskr\u00e4fte und mich m\u00f6glich, den neuen Kandidaten noch besser einzusch\u00e4tzen und in ein \u00e4u\u00dferst fundiertes zielorientiertes Einstellungsgespr\u00e4ch einzusteigen. In Summe ist diese Vorgehensweise ein f\u00fcr uns messbarer und wertvoller Gewinn f\u00fcr unsere Stellenbesetzungen.<\/span><\/p>\n<p><a href=\"http:\/\/create.at\"><img loading=\"lazy\" decoding=\"async\" class=\"alignleft wp-image-563\" src=\"http:\/\/www.becker-hrs.at\/hrs\/wp-content\/uploads\/create-at-Logo.jpg\" alt=\"create at Logo\" width=\"242\" height=\"46\" srcset=\"https:\/\/www.becker-hrs.at\/hrs\/wp-content\/uploads\/create-at-Logo.jpg 2698w, https:\/\/www.becker-hrs.at\/hrs\/wp-content\/uploads\/create-at-Logo-300x57.jpg 300w, https:\/\/www.becker-hrs.at\/hrs\/wp-content\/uploads\/create-at-Logo-768x146.jpg 768w, https:\/\/www.becker-hrs.at\/hrs\/wp-content\/uploads\/create-at-Logo-1030x196.jpg 1030w, https:\/\/www.becker-hrs.at\/hrs\/wp-content\/uploads\/create-at-Logo-1500x285.jpg 1500w, https:\/\/www.becker-hrs.at\/hrs\/wp-content\/uploads\/create-at-Logo-705x134.jpg 705w, https:\/\/www.becker-hrs.at\/hrs\/wp-content\/uploads\/create-at-Logo-450x86.jpg 450w\" sizes=\"auto, (max-width: 242px) 100vw, 242px\" \/><br \/>\n<\/a><\/p>\n<\/div><\/section><\/div>\n","protected":false},"excerpt":{"rendered":"","protected":false},"author":1,"featured_media":0,"parent":0,"menu_order":0,"comment_status":"closed","ping_status":"closed","template":"","meta":{"footnotes":""},"class_list":["post-599","page","type-page","status-publish","hentry"],"yoast_head":"<!-- This site is optimized with the Yoast SEO plugin v27.3 - https:\/\/yoast.com\/product\/yoast-seo-wordpress\/ -->\n<title>create.at - Becker Human Resource Solutions<\/title>\n<meta name=\"robots\" content=\"index, follow, max-snippet:-1, max-image-preview:large, max-video-preview:-1\" \/>\n<link rel=\"canonical\" href=\"https:\/\/www.becker-hrs.at\/hrs\/create-at\/\" \/>\n<meta property=\"og:locale\" content=\"de_DE\" \/>\n<meta property=\"og:type\" content=\"article\" \/>\n<meta property=\"og:title\" content=\"create.at - Becker Human Resource Solutions\" \/>\n<meta property=\"og:url\" content=\"https:\/\/www.becker-hrs.at\/hrs\/create-at\/\" \/>\n<meta property=\"og:site_name\" content=\"Becker Human Resource Solutions\" \/>\n<meta property=\"og:image\" content=\"http:\/\/www.becker-hrs.at\/hrs\/wp-content\/uploads\/Christoph-Schmidt-Portrait.jpg\" \/>\n<meta name=\"twitter:card\" content=\"summary_large_image\" \/>\n<meta name=\"twitter:label1\" content=\"Gesch\u00e4tzte Lesezeit\" \/>\n\t<meta name=\"twitter:data1\" content=\"1\u00a0Minute\" \/>\n<script type=\"application\/ld+json\" class=\"yoast-schema-graph\">{\"@context\":\"https:\\\/\\\/schema.org\",\"@graph\":[{\"@type\":\"WebPage\",\"@id\":\"https:\\\/\\\/www.becker-hrs.at\\\/hrs\\\/create-at\\\/\",\"url\":\"https:\\\/\\\/www.becker-hrs.at\\\/hrs\\\/create-at\\\/\",\"name\":\"create.at - Becker Human Resource Solutions\",\"isPartOf\":{\"@id\":\"https:\\\/\\\/www.becker-hrs.at\\\/hrs\\\/#website\"},\"primaryImageOfPage\":{\"@id\":\"https:\\\/\\\/www.becker-hrs.at\\\/hrs\\\/create-at\\\/#primaryimage\"},\"image\":{\"@id\":\"https:\\\/\\\/www.becker-hrs.at\\\/hrs\\\/create-at\\\/#primaryimage\"},\"thumbnailUrl\":\"http:\\\/\\\/www.becker-hrs.at\\\/hrs\\\/wp-content\\\/uploads\\\/Christoph-Schmidt-Portrait.jpg\",\"datePublished\":\"2016-08-05T16:17:17+00:00\",\"breadcrumb\":{\"@id\":\"https:\\\/\\\/www.becker-hrs.at\\\/hrs\\\/create-at\\\/#breadcrumb\"},\"inLanguage\":\"de\",\"potentialAction\":[{\"@type\":\"ReadAction\",\"target\":[\"https:\\\/\\\/www.becker-hrs.at\\\/hrs\\\/create-at\\\/\"]}]},{\"@type\":\"ImageObject\",\"inLanguage\":\"de\",\"@id\":\"https:\\\/\\\/www.becker-hrs.at\\\/hrs\\\/create-at\\\/#primaryimage\",\"url\":\"https:\\\/\\\/www.becker-hrs.at\\\/hrs\\\/wp-content\\\/uploads\\\/Christoph-Schmidt-Portrait.jpg\",\"contentUrl\":\"https:\\\/\\\/www.becker-hrs.at\\\/hrs\\\/wp-content\\\/uploads\\\/Christoph-Schmidt-Portrait.jpg\",\"width\":671,\"height\":866},{\"@type\":\"BreadcrumbList\",\"@id\":\"https:\\\/\\\/www.becker-hrs.at\\\/hrs\\\/create-at\\\/#breadcrumb\",\"itemListElement\":[{\"@type\":\"ListItem\",\"position\":1,\"name\":\"Startseite\",\"item\":\"https:\\\/\\\/www.becker-hrs.at\\\/hrs\\\/startseite\\\/\"},{\"@type\":\"ListItem\",\"position\":2,\"name\":\"create.at\"}]},{\"@type\":\"WebSite\",\"@id\":\"https:\\\/\\\/www.becker-hrs.at\\\/hrs\\\/#website\",\"url\":\"https:\\\/\\\/www.becker-hrs.at\\\/hrs\\\/\",\"name\":\"Becker Human Resource Solutions\",\"description\":\"\",\"potentialAction\":[{\"@type\":\"SearchAction\",\"target\":{\"@type\":\"EntryPoint\",\"urlTemplate\":\"https:\\\/\\\/www.becker-hrs.at\\\/hrs\\\/?s={search_term_string}\"},\"query-input\":{\"@type\":\"PropertyValueSpecification\",\"valueRequired\":true,\"valueName\":\"search_term_string\"}}],\"inLanguage\":\"de\"}]}<\/script>\n<!-- \/ Yoast SEO plugin. -->","yoast_head_json":{"title":"create.at - Becker Human Resource Solutions","robots":{"index":"index","follow":"follow","max-snippet":"max-snippet:-1","max-image-preview":"max-image-preview:large","max-video-preview":"max-video-preview:-1"},"canonical":"https:\/\/www.becker-hrs.at\/hrs\/create-at\/","og_locale":"de_DE","og_type":"article","og_title":"create.at - Becker Human Resource Solutions","og_url":"https:\/\/www.becker-hrs.at\/hrs\/create-at\/","og_site_name":"Becker Human Resource Solutions","og_image":[{"url":"http:\/\/www.becker-hrs.at\/hrs\/wp-content\/uploads\/Christoph-Schmidt-Portrait.jpg","type":"","width":"","height":""}],"twitter_card":"summary_large_image","twitter_misc":{"Gesch\u00e4tzte Lesezeit":"1\u00a0Minute"},"schema":{"@context":"https:\/\/schema.org","@graph":[{"@type":"WebPage","@id":"https:\/\/www.becker-hrs.at\/hrs\/create-at\/","url":"https:\/\/www.becker-hrs.at\/hrs\/create-at\/","name":"create.at - Becker Human Resource Solutions","isPartOf":{"@id":"https:\/\/www.becker-hrs.at\/hrs\/#website"},"primaryImageOfPage":{"@id":"https:\/\/www.becker-hrs.at\/hrs\/create-at\/#primaryimage"},"image":{"@id":"https:\/\/www.becker-hrs.at\/hrs\/create-at\/#primaryimage"},"thumbnailUrl":"http:\/\/www.becker-hrs.at\/hrs\/wp-content\/uploads\/Christoph-Schmidt-Portrait.jpg","datePublished":"2016-08-05T16:17:17+00:00","breadcrumb":{"@id":"https:\/\/www.becker-hrs.at\/hrs\/create-at\/#breadcrumb"},"inLanguage":"de","potentialAction":[{"@type":"ReadAction","target":["https:\/\/www.becker-hrs.at\/hrs\/create-at\/"]}]},{"@type":"ImageObject","inLanguage":"de","@id":"https:\/\/www.becker-hrs.at\/hrs\/create-at\/#primaryimage","url":"https:\/\/www.becker-hrs.at\/hrs\/wp-content\/uploads\/Christoph-Schmidt-Portrait.jpg","contentUrl":"https:\/\/www.becker-hrs.at\/hrs\/wp-content\/uploads\/Christoph-Schmidt-Portrait.jpg","width":671,"height":866},{"@type":"BreadcrumbList","@id":"https:\/\/www.becker-hrs.at\/hrs\/create-at\/#breadcrumb","itemListElement":[{"@type":"ListItem","position":1,"name":"Startseite","item":"https:\/\/www.becker-hrs.at\/hrs\/startseite\/"},{"@type":"ListItem","position":2,"name":"create.at"}]},{"@type":"WebSite","@id":"https:\/\/www.becker-hrs.at\/hrs\/#website","url":"https:\/\/www.becker-hrs.at\/hrs\/","name":"Becker Human Resource Solutions","description":"","potentialAction":[{"@type":"SearchAction","target":{"@type":"EntryPoint","urlTemplate":"https:\/\/www.becker-hrs.at\/hrs\/?s={search_term_string}"},"query-input":{"@type":"PropertyValueSpecification","valueRequired":true,"valueName":"search_term_string"}}],"inLanguage":"de"}]}},"_links":{"self":[{"href":"https:\/\/www.becker-hrs.at\/hrs\/wp-json\/wp\/v2\/pages\/599","targetHints":{"allow":["GET"]}}],"collection":[{"href":"https:\/\/www.becker-hrs.at\/hrs\/wp-json\/wp\/v2\/pages"}],"about":[{"href":"https:\/\/www.becker-hrs.at\/hrs\/wp-json\/wp\/v2\/types\/page"}],"author":[{"embeddable":true,"href":"https:\/\/www.becker-hrs.at\/hrs\/wp-json\/wp\/v2\/users\/1"}],"replies":[{"embeddable":true,"href":"https:\/\/www.becker-hrs.at\/hrs\/wp-json\/wp\/v2\/comments?post=599"}],"version-history":[{"count":1,"href":"https:\/\/www.becker-hrs.at\/hrs\/wp-json\/wp\/v2\/pages\/599\/revisions"}],"predecessor-version":[{"id":600,"href":"https:\/\/www.becker-hrs.at\/hrs\/wp-json\/wp\/v2\/pages\/599\/revisions\/600"}],"wp:attachment":[{"href":"https:\/\/www.becker-hrs.at\/hrs\/wp-json\/wp\/v2\/media?parent=599"}],"curies":[{"name":"wp","href":"https:\/\/api.w.org\/{rel}","templated":true}]}}