{"id":533,"date":"2016-08-05T10:32:39","date_gmt":"2016-08-05T08:32:39","guid":{"rendered":"http:\/\/www.becker-medsolutions.eu\/hrs\/?page_id=533"},"modified":"2026-03-01T22:38:41","modified_gmt":"2026-03-01T21:38:41","slug":"partner","status":"publish","type":"page","link":"https:\/\/www.becker-hrs.at\/hrs\/partner\/","title":{"rendered":"Partner"},"content":{"rendered":"\n\n<style type=\"text\/css\" data-created_by=\"avia_inline_auto\" id=\"style-css-av-4bg3il-30487747ad28f5b7feeb0d9deb820921\">\n#top .hr.hr-invisible.av-4bg3il-30487747ad28f5b7feeb0d9deb820921{\nheight:50px;\n}\n<\/style>\n<div  class='hr av-4bg3il-30487747ad28f5b7feeb0d9deb820921 hr-invisible  avia-builder-el-1  el_after_av_image  el_before_av_two_fifth '><span class='hr-inner '><span class=\"hr-inner-style\"><\/span><\/span><\/div>\n\n<style type=\"text\/css\" data-created_by=\"avia_inline_auto\" id=\"style-css-av-4aderp-9b437ee5f20164ede827979cb1537deb\">\n.flex_column.av-4aderp-9b437ee5f20164ede827979cb1537deb{\nborder-width:2px;\nborder-color:#f5f5f5;\nborder-style:solid;\nborder-radius:0px 0px 0px 0px;\n-webkit-border-radius:0px 0px 0px 0px;\n-moz-border-radius:0px 0px 0px 0px;\npadding:20px 20px 20px 20px;\n}\n<\/style>\n<div class='flex_column av-4aderp-9b437ee5f20164ede827979cb1537deb av_two_fifth  avia-builder-el-2  el_after_av_hr  el_before_av_three_fifth  first flex_column_div '   ><style type=\"text\/css\" data-created_by=\"avia_inline_auto\" id=\"style-css-av-411rfp-6f80263c105d1c14e6238c15cf09759b\">\n.avia-image-container.av-411rfp-6f80263c105d1c14e6238c15cf09759b .av-image-caption-overlay-center{\ncolor:#ffffff;\n}\n<\/style>\n<div  class='avia-image-container av-411rfp-6f80263c105d1c14e6238c15cf09759b av-styling- av-hover-grow avia-align-center  avia-builder-el-3  avia-builder-el-no-sibling '  itemprop=\"image\" itemscope=\"itemscope\" itemtype=\"https:\/\/schema.org\/ImageObject\" ><div class=\"avia-image-container-inner\"><div class=\"avia-image-overlay-wrap\"><img decoding=\"async\" class='wp-image-534 avia-img-lazy-loading-not-534 avia_image' src=\"https:\/\/www.becker-hrs.at\/hrs\/wp-content\/uploads\/logo-master.jpg\" alt='' title='logo-master'  height=\"188\" width=\"334\"  itemprop=\"thumbnailUrl\" srcset=\"https:\/\/www.becker-hrs.at\/hrs\/wp-content\/uploads\/logo-master.jpg 334w, https:\/\/www.becker-hrs.at\/hrs\/wp-content\/uploads\/logo-master-300x169.jpg 300w\" sizes=\"(max-width: 334px) 100vw, 334px\" \/><\/div><\/div><\/div><\/div>\n\n<style type=\"text\/css\" data-created_by=\"avia_inline_auto\" id=\"style-css-av-3w0s05-7079f1121e92ce44c4ed838d496f591c\">\n.flex_column.av-3w0s05-7079f1121e92ce44c4ed838d496f591c{\nborder-radius:0px 0px 0px 0px;\n-webkit-border-radius:0px 0px 0px 0px;\n-moz-border-radius:0px 0px 0px 0px;\npadding:20px 20px 20px 20px;\n}\n<\/style>\n<div class='flex_column av-3w0s05-7079f1121e92ce44c4ed838d496f591c av_three_fifth  avia-builder-el-4  el_after_av_two_fifth  el_before_av_hr  flex_column_div '   ><section  class='av_textblock_section av-3q9ht9-b1b5e776940a8723f6c9aa01fb61a421'  itemscope=\"itemscope\" itemtype=\"https:\/\/schema.org\/CreativeWork\" ><div class='avia_textblock'  itemprop=\"text\" ><h1><span class=\"ff3 fs22 cf3\">Master Management<br \/>\n<\/span><\/h1>\n<p><span class=\"ff3 cf3 fs22\"><span class=\"ff3\"><span class=\"fs20 ff1 cf0\"><span class=\"ff1 fs20 cf0\">Master Management stellt wissenschaftliche Potenzialanalysen f\u00fcr F\u00fchrungskr\u00e4fte und Fachmitarbeiter als auch Verk\u00e4uferanalysen f\u00fcr zertifizierte Personalberatungsfirmen zur Verf\u00fcgung.<b><\/b><\/span><\/span><\/span><\/span><\/p>\n<p><span class=\"ff3 cf3 fs22\"><span class=\"ff3\"><span class=\"fs20 ff1 cf0\"><span class=\"ff1 fs20 cf0\"><b><br \/>\n<a class=\"imCssLink\" href=\"http:\/\/www.master-hr.at\" target=\"_blank\" rel=\"noopener\">www.master-hr.at<\/a><\/b><\/span><b><\/b><br \/>\n<\/span><\/span><\/span><\/p>\n<\/div><\/section><\/div>\n\n<style type=\"text\/css\" data-created_by=\"avia_inline_auto\" id=\"style-css-av-3mgqz1-299d680942479c4a494452ff7e96c4fc\">\n#top .hr.hr-invisible.av-3mgqz1-299d680942479c4a494452ff7e96c4fc{\nheight:50px;\n}\n<\/style>\n<div  class='hr av-3mgqz1-299d680942479c4a494452ff7e96c4fc hr-invisible  avia-builder-el-6  el_after_av_three_fifth  el_before_av_two_fifth '><span class='hr-inner '><span class=\"hr-inner-style\"><\/span><\/span><\/div>\n\n<style type=\"text\/css\" data-created_by=\"avia_inline_auto\" id=\"style-css-av-3cikol-fe37e0db01cce9e72a674ac8ee59b1cf\">\n.flex_column.av-3cikol-fe37e0db01cce9e72a674ac8ee59b1cf{\nborder-width:2px;\nborder-color:#f5f5f5;\nborder-style:solid;\nborder-radius:0px 0px 0px 0px;\n-webkit-border-radius:0px 0px 0px 0px;\n-moz-border-radius:0px 0px 0px 0px;\npadding:20px 20px 20px 20px;\n}\n<\/style>\n<div class='flex_column av-3cikol-fe37e0db01cce9e72a674ac8ee59b1cf av_two_fifth  avia-builder-el-7  el_after_av_hr  el_before_av_three_fifth  first flex_column_div '   ><style type=\"text\/css\" data-created_by=\"avia_inline_auto\" id=\"style-css-av-36lpvh-f811e4549e83c378c12f189b2b813afc\">\n.avia-image-container.av-36lpvh-f811e4549e83c378c12f189b2b813afc .av-image-caption-overlay-center{\ncolor:#ffffff;\n}\n<\/style>\n<div  class='avia-image-container av-36lpvh-f811e4549e83c378c12f189b2b813afc av-styling- av-hover-grow avia-align-center  avia-builder-el-8  avia-builder-el-no-sibling '  itemprop=\"image\" itemscope=\"itemscope\" itemtype=\"https:\/\/schema.org\/ImageObject\" ><div class=\"avia-image-container-inner\"><div class=\"avia-image-overlay-wrap\"><img decoding=\"async\" class='wp-image-535 avia-img-lazy-loading-not-535 avia_image' src=\"https:\/\/www.becker-hrs.at\/hrs\/wp-content\/uploads\/logo-view.jpg\" alt='' title='logo-view'  height=\"188\" width=\"334\"  itemprop=\"thumbnailUrl\" srcset=\"https:\/\/www.becker-hrs.at\/hrs\/wp-content\/uploads\/logo-view.jpg 334w, https:\/\/www.becker-hrs.at\/hrs\/wp-content\/uploads\/logo-view-300x169.jpg 300w\" sizes=\"(max-width: 334px) 100vw, 334px\" \/><\/div><\/div><\/div><\/div>\n\n<style type=\"text\/css\" data-created_by=\"avia_inline_auto\" id=\"style-css-av-33eihx-01ac6157aa6768ea1db56cf1f2008563\">\n.flex_column.av-33eihx-01ac6157aa6768ea1db56cf1f2008563{\nborder-radius:0px 0px 0px 0px;\n-webkit-border-radius:0px 0px 0px 0px;\n-moz-border-radius:0px 0px 0px 0px;\npadding:20px 20px 20px 20px;\n}\n<\/style>\n<div class='flex_column av-33eihx-01ac6157aa6768ea1db56cf1f2008563 av_three_fifth  avia-builder-el-9  el_after_av_two_fifth  el_before_av_hr  flex_column_div '   ><section  class='av_textblock_section av-2v5gtp-ef4d1c85f93f5ba9cd3f377b2e8bc499'  itemscope=\"itemscope\" itemtype=\"https:\/\/schema.org\/CreativeWork\" ><div class='avia_textblock'  itemprop=\"text\" ><h1><span class=\"ff3 fs22 cf3\">view2move<br \/>\n<\/span><\/h1>\n<p><span class=\"ff3 cf3 fs22\"><span class=\"ff3\"><span class=\"fs20 ff1 cf0\"><span class=\"cf1 ff1 fs20\">IT gest\u00fctze Kommnikationsanalysen f\u00fcr zertifierte Trainingsinstitute<b><\/b><\/span><\/span><\/span><\/span><\/p>\n<p><span class=\"ff3 cf3 fs22\"><span class=\"ff3\"><span class=\"fs20 ff1 cf0\"><span class=\"cf1 ff1 fs20\"><b><br \/>\n<a class=\"imCssLink\" href=\"http:\/\/www.view2move.eu\" target=\"_blank\" rel=\"noopener\">www.view2move.eu<\/a><\/b><\/span><span class=\"cf0 ff1 fs20\"><br \/>\n<\/span><br \/>\n<\/span><\/span><\/span><\/p>\n<\/div><\/section><\/div>\n\n<style type=\"text\/css\" data-created_by=\"avia_inline_auto\" id=\"style-css-av-2sq9xp-6a96f57b1f9087de64e58956e1946f27\">\n#top .hr.hr-invisible.av-2sq9xp-6a96f57b1f9087de64e58956e1946f27{\nheight:50px;\n}\n<\/style>\n<div  class='hr av-2sq9xp-6a96f57b1f9087de64e58956e1946f27 hr-invisible  avia-builder-el-11  el_after_av_three_fifth  el_before_av_two_fifth '><span class='hr-inner '><span class=\"hr-inner-style\"><\/span><\/span><\/div>\n\n<style type=\"text\/css\" data-created_by=\"avia_inline_auto\" id=\"style-css-av-2mfm7p-bbace5287e6ba13ed27cbdb77cb7b56b\">\n.flex_column.av-2mfm7p-bbace5287e6ba13ed27cbdb77cb7b56b{\nborder-width:2px;\nborder-color:#f5f5f5;\nborder-style:solid;\nborder-radius:0px 0px 0px 0px;\n-webkit-border-radius:0px 0px 0px 0px;\n-moz-border-radius:0px 0px 0px 0px;\npadding:20px 20px 20px 20px;\n}\n<\/style>\n<div class='flex_column av-2mfm7p-bbace5287e6ba13ed27cbdb77cb7b56b av_two_fifth  avia-builder-el-12  el_after_av_hr  el_before_av_three_fifth  first flex_column_div '   ><style type=\"text\/css\" data-created_by=\"avia_inline_auto\" id=\"style-css-av-2gr86t-f83c1b20d127ebaea30ca6502d148831\">\n.avia-image-container.av-2gr86t-f83c1b20d127ebaea30ca6502d148831 .av-image-caption-overlay-center{\ncolor:#ffffff;\n}\n<\/style>\n<div  class='avia-image-container av-2gr86t-f83c1b20d127ebaea30ca6502d148831 av-styling- av-hover-grow avia-align-center  avia-builder-el-13  avia-builder-el-no-sibling '  itemprop=\"image\" itemscope=\"itemscope\" itemtype=\"https:\/\/schema.org\/ImageObject\" ><div class=\"avia-image-container-inner\"><div class=\"avia-image-overlay-wrap\"><img decoding=\"async\" class='wp-image-536 avia-img-lazy-loading-not-536 avia_image' src=\"https:\/\/www.becker-hrs.at\/hrs\/wp-content\/uploads\/logo-percy.jpg\" alt='' title='logo-percy'  height=\"188\" width=\"334\"  itemprop=\"thumbnailUrl\" srcset=\"https:\/\/www.becker-hrs.at\/hrs\/wp-content\/uploads\/logo-percy.jpg 334w, https:\/\/www.becker-hrs.at\/hrs\/wp-content\/uploads\/logo-percy-300x169.jpg 300w\" sizes=\"(max-width: 334px) 100vw, 334px\" \/><\/div><\/div><\/div><\/div>\n\n<style type=\"text\/css\" data-created_by=\"avia_inline_auto\" id=\"style-css-av-272z5h-e62a3f8ea4774f62cdd8d3b28dfb178c\">\n.flex_column.av-272z5h-e62a3f8ea4774f62cdd8d3b28dfb178c{\nborder-radius:0px 0px 0px 0px;\n-webkit-border-radius:0px 0px 0px 0px;\n-moz-border-radius:0px 0px 0px 0px;\npadding:20px 20px 20px 20px;\n}\n<\/style>\n<div class='flex_column av-272z5h-e62a3f8ea4774f62cdd8d3b28dfb178c av_three_fifth  avia-builder-el-14  el_after_av_two_fifth  el_before_av_hr  flex_column_div '   ><section  class='av_textblock_section av-21ki39-33516cc754404bebfcff8d7b3755317b'  itemscope=\"itemscope\" itemtype=\"https:\/\/schema.org\/CreativeWork\" ><div class='avia_textblock'  itemprop=\"text\" ><h1><span class=\"ff3 fs22 cf3\">Hugo Percy Steward<br \/>\n<\/span><\/h1>\n<p><span class=\"ff3 cf3 fs22\"><span class=\"ff3\"><span class=\"fs20 ff1 cf0\"><span class=\"cf0 ff1 fs20\"><span class=\"ff3 cf0 fs20\">Das Unternehmen ist spezialisiert auf Unternehmensberatung und Sanierung, Finanzierung und Internationalisierung f\u00fcr Mittelstandsunternehmen \u00a0bis hin zu Konzernstrukturen.<b><\/b><\/span><\/span><\/span><\/span><\/span><\/p>\n<p><span class=\"ff3 cf3 fs22\"><span class=\"ff3\"><span class=\"fs20 ff1 cf0\"><span class=\"cf0 ff1 fs20\"><span class=\"ff3 cf0 fs20\"><b><br \/>\n<a class=\"imCssLink\" href=\"http:\/\/www.HugoPercySteward.com\/\" target=\"_blank\" rel=\"noopener\">www.HugoPercySteward.com<\/a><\/b><\/span><span class=\"ff2 fs20\"><br \/>\n<\/span><br \/>\n<\/span><br \/>\n<\/span><\/span><\/span><\/p>\n<\/div><\/section><\/div>\n\n<style type=\"text\/css\" data-created_by=\"avia_inline_auto\" id=\"style-css-av-1z4esl-4b1be61f569acd2a8fbfb5407b3e1453\">\n#top .hr.hr-invisible.av-1z4esl-4b1be61f569acd2a8fbfb5407b3e1453{\nheight:50px;\n}\n<\/style>\n<div  class='hr av-1z4esl-4b1be61f569acd2a8fbfb5407b3e1453 hr-invisible  avia-builder-el-16  el_after_av_three_fifth  el_before_av_two_fifth '><span class='hr-inner '><span class=\"hr-inner-style\"><\/span><\/span><\/div>\n\n<style type=\"text\/css\" data-created_by=\"avia_inline_auto\" id=\"style-css-av-1ou1gl-45f44da1eb31f97a517ff5df3026a986\">\n.flex_column.av-1ou1gl-45f44da1eb31f97a517ff5df3026a986{\nborder-width:2px;\nborder-color:#f5f5f5;\nborder-style:solid;\nborder-radius:0px 0px 0px 0px;\n-webkit-border-radius:0px 0px 0px 0px;\n-moz-border-radius:0px 0px 0px 0px;\npadding:20px 20px 20px 20px;\n}\n<\/style>\n<div class='flex_column av-1ou1gl-45f44da1eb31f97a517ff5df3026a986 av_two_fifth  avia-builder-el-17  el_after_av_hr  el_before_av_three_fifth  first flex_column_div '   ><style type=\"text\/css\" data-created_by=\"avia_inline_auto\" id=\"style-css-av-1k6sml-2edc7a1c720861c278f23870491b04ee\">\n.avia-image-container.av-1k6sml-2edc7a1c720861c278f23870491b04ee .av-image-caption-overlay-center{\ncolor:#ffffff;\n}\n<\/style>\n<div  class='avia-image-container av-1k6sml-2edc7a1c720861c278f23870491b04ee av-styling- av-hover-grow avia-align-center  avia-builder-el-18  avia-builder-el-no-sibling '  itemprop=\"image\" itemscope=\"itemscope\" itemtype=\"https:\/\/schema.org\/ImageObject\" ><div class=\"avia-image-container-inner\"><div class=\"avia-image-overlay-wrap\"><img decoding=\"async\" class='wp-image-537 avia-img-lazy-loading-not-537 avia_image' src=\"https:\/\/www.becker-hrs.at\/hrs\/wp-content\/uploads\/logo-cube.jpg\" alt='' title='logo-cube'  height=\"188\" width=\"334\"  itemprop=\"thumbnailUrl\" srcset=\"https:\/\/www.becker-hrs.at\/hrs\/wp-content\/uploads\/logo-cube.jpg 334w, https:\/\/www.becker-hrs.at\/hrs\/wp-content\/uploads\/logo-cube-300x169.jpg 300w\" sizes=\"(max-width: 334px) 100vw, 334px\" \/><\/div><\/div><\/div><\/div>\n\n<style type=\"text\/css\" data-created_by=\"avia_inline_auto\" id=\"style-css-av-1h0285-35f468b4f721b4b396acf3f648e85aa7\">\n.flex_column.av-1h0285-35f468b4f721b4b396acf3f648e85aa7{\nborder-radius:0px 0px 0px 0px;\n-webkit-border-radius:0px 0px 0px 0px;\n-moz-border-radius:0px 0px 0px 0px;\npadding:20px 20px 20px 20px;\n}\n<\/style>\n<div class='flex_column av-1h0285-35f468b4f721b4b396acf3f648e85aa7 av_three_fifth  avia-builder-el-19  el_after_av_two_fifth  el_before_av_hr  flex_column_div '   ><section  class='av_textblock_section av-1b8mmt-ba3bbee32feb73c4133a59c9ee500cc7'  itemscope=\"itemscope\" itemtype=\"https:\/\/schema.org\/CreativeWork\" ><div class='avia_textblock'  itemprop=\"text\" ><h1><span class=\"ff3 fs22 cf3\">Managementcube<br \/>\n<\/span><\/h1>\n<p>Das treffsichere System in der Auswahl und Potentialanalyse von Mitarbeiter\/innen und F\u00fchrungskr\u00e4ften.<\/p>\n<p><span class=\"ff3 cf3 fs22\"><span class=\"ff3\"><span class=\"fs20 ff1 cf0\"><span class=\"cf0 ff1 fs20\"><span class=\"ff3 cf0 fs20\"><b><br \/>\n<a href=\"http:\/\/www.managementcube.at\/managementcube-deutsch\/\" target=\"_blank\" rel=\"noopener\">www.managementcube.at<\/a><\/b><\/span><span class=\"ff2 fs20\"><br \/>\n<\/span><br \/>\n<\/span><br \/>\n<\/span><\/span><\/span><\/p>\n<\/div><\/section><\/div>\n\n<style type=\"text\/css\" data-created_by=\"avia_inline_auto\" id=\"style-css-av-156qhx-a9728d536a9b470d1880305d70620ea1\">\n#top .hr.hr-invisible.av-156qhx-a9728d536a9b470d1880305d70620ea1{\nheight:50px;\n}\n<\/style>\n<div  class='hr av-156qhx-a9728d536a9b470d1880305d70620ea1 hr-invisible  avia-builder-el-21  el_after_av_three_fifth  el_before_av_two_fifth '><span class='hr-inner '><span class=\"hr-inner-style\"><\/span><\/span><\/div>\n\n<style type=\"text\/css\" data-created_by=\"avia_inline_auto\" id=\"style-css-av-yz9qt-5704e153a792428fedeaaae9cc54fef2\">\n.flex_column.av-yz9qt-5704e153a792428fedeaaae9cc54fef2{\nborder-width:2px;\nborder-color:#f5f5f5;\nborder-style:solid;\nborder-radius:0px 0px 0px 0px;\n-webkit-border-radius:0px 0px 0px 0px;\n-moz-border-radius:0px 0px 0px 0px;\npadding:20px 20px 20px 20px;\n}\n<\/style>\n<div class='flex_column av-yz9qt-5704e153a792428fedeaaae9cc54fef2 av_two_fifth  avia-builder-el-22  el_after_av_hr  el_before_av_three_fifth  first flex_column_div '   ><style type=\"text\/css\" data-created_by=\"avia_inline_auto\" id=\"style-css-av-szbtp-357c7877b8a048de75d8a68a472ecae6\">\n.avia-image-container.av-szbtp-357c7877b8a048de75d8a68a472ecae6 .av-image-caption-overlay-center{\ncolor:#ffffff;\n}\n<\/style>\n<div  class='avia-image-container av-szbtp-357c7877b8a048de75d8a68a472ecae6 av-styling- av-hover-grow avia-align-center  avia-builder-el-23  avia-builder-el-no-sibling '  itemprop=\"image\" itemscope=\"itemscope\" itemtype=\"https:\/\/schema.org\/ImageObject\" ><div class=\"avia-image-container-inner\"><div class=\"avia-image-overlay-wrap\"><img decoding=\"async\" class='wp-image-538 avia-img-lazy-loading-not-538 avia_image' src=\"https:\/\/www.becker-hrs.at\/hrs\/wp-content\/uploads\/logo-gwo.jpg\" alt='' title='logo-gwo'  height=\"188\" width=\"334\"  itemprop=\"thumbnailUrl\" srcset=\"https:\/\/www.becker-hrs.at\/hrs\/wp-content\/uploads\/logo-gwo.jpg 334w, https:\/\/www.becker-hrs.at\/hrs\/wp-content\/uploads\/logo-gwo-300x169.jpg 300w\" sizes=\"(max-width: 334px) 100vw, 334px\" \/><\/div><\/div><\/div><\/div>\n\n<style type=\"text\/css\" data-created_by=\"avia_inline_auto\" id=\"style-css-av-khrtp-9f4bdbde28133bb508af9c2bae6a0c9d\">\n.flex_column.av-khrtp-9f4bdbde28133bb508af9c2bae6a0c9d{\nborder-radius:0px 0px 0px 0px;\n-webkit-border-radius:0px 0px 0px 0px;\n-moz-border-radius:0px 0px 0px 0px;\npadding:20px 20px 20px 20px;\n}\n<\/style>\n<div class='flex_column av-khrtp-9f4bdbde28133bb508af9c2bae6a0c9d av_three_fifth  avia-builder-el-24  el_after_av_two_fifth  el_before_av_hr  flex_column_div '   ><section  class='av_textblock_section av-dbyyl-46edd9497973be8084448ab58a30e0dc'  itemscope=\"itemscope\" itemtype=\"https:\/\/schema.org\/CreativeWork\" ><div class='avia_textblock'  itemprop=\"text\" ><h1><span class=\"ff3 fs22 cf3\">Gesellschaft f\u00fcr Wirtschaftspsychologie und Organisationsdynamik<br \/>\n<\/span><\/h1>\n<p><span class=\"ff3 cf3 fs22\"><span class=\"ff3\"><span class=\"fs20 ff1 cf0\"><span class=\"cf0 ff1 fs20\"><span class=\"ff3 cf0 fs20\">Entwickler und Anbieter des managementcube.<\/span><\/span><\/span><\/span><\/span><\/p>\n<p><span class=\"ff3 cf3 fs22\"><span class=\"ff3\"><span class=\"fs20 ff1 cf0\"><span class=\"cf0 ff1 fs20\"><span class=\"ff3 cf0 fs20\"><b><br \/>\n<a href=\"http:\/\/www.gwo.at\/\" target=\"_blank\" rel=\"noopener\">http:\/\/www.gwo.at\/<\/a><\/b><\/span><span class=\"ff2 fs20\"><br \/>\n<\/span><br \/>\n<\/span><br \/>\n<\/span><\/span><\/span><\/p>\n<\/div><\/section><\/div>\n\n<style type=\"text\/css\" data-created_by=\"avia_inline_auto\" id=\"style-css-av-8jsnp-73b1c49f375fb959dff857a961bdb5ba\">\n#top .hr.hr-invisible.av-8jsnp-73b1c49f375fb959dff857a961bdb5ba{\nheight:50px;\n}\n<\/style>\n<div  class='hr av-8jsnp-73b1c49f375fb959dff857a961bdb5ba hr-invisible  avia-builder-el-26  el_after_av_three_fifth  avia-builder-el-last '><span class='hr-inner '><span class=\"hr-inner-style\"><\/span><\/span><\/div>\n","protected":false},"excerpt":{"rendered":"","protected":false},"author":1,"featured_media":0,"parent":0,"menu_order":0,"comment_status":"closed","ping_status":"closed","template":"","meta":{"footnotes":""},"class_list":["post-533","page","type-page","status-publish","hentry"],"yoast_head":"<!-- This site is optimized with the Yoast SEO plugin v27.3 - https:\/\/yoast.com\/product\/yoast-seo-wordpress\/ -->\n<title>Partner - Becker Human Resource Solutions<\/title>\n<meta name=\"robots\" content=\"index, follow, max-snippet:-1, max-image-preview:large, max-video-preview:-1\" \/>\n<link rel=\"canonical\" href=\"https:\/\/www.becker-hrs.at\/hrs\/partner\/\" \/>\n<meta property=\"og:locale\" content=\"de_DE\" \/>\n<meta property=\"og:type\" content=\"article\" \/>\n<meta property=\"og:title\" content=\"Partner - Becker Human Resource Solutions\" \/>\n<meta property=\"og:url\" content=\"https:\/\/www.becker-hrs.at\/hrs\/partner\/\" \/>\n<meta property=\"og:site_name\" content=\"Becker Human Resource Solutions\" \/>\n<meta property=\"article:modified_time\" content=\"2026-03-01T21:38:41+00:00\" \/>\n<meta name=\"twitter:card\" content=\"summary_large_image\" \/>\n<meta name=\"twitter:label1\" content=\"Gesch\u00e4tzte Lesezeit\" \/>\n\t<meta name=\"twitter:data1\" content=\"3\u00a0Minuten\" \/>\n<script type=\"application\/ld+json\" class=\"yoast-schema-graph\">{\"@context\":\"https:\\\/\\\/schema.org\",\"@graph\":[{\"@type\":\"WebPage\",\"@id\":\"https:\\\/\\\/www.becker-hrs.at\\\/hrs\\\/partner\\\/\",\"url\":\"https:\\\/\\\/www.becker-hrs.at\\\/hrs\\\/partner\\\/\",\"name\":\"Partner - Becker Human Resource Solutions\",\"isPartOf\":{\"@id\":\"https:\\\/\\\/www.becker-hrs.at\\\/hrs\\\/#website\"},\"datePublished\":\"2016-08-05T08:32:39+00:00\",\"dateModified\":\"2026-03-01T21:38:41+00:00\",\"breadcrumb\":{\"@id\":\"https:\\\/\\\/www.becker-hrs.at\\\/hrs\\\/partner\\\/#breadcrumb\"},\"inLanguage\":\"de\",\"potentialAction\":[{\"@type\":\"ReadAction\",\"target\":[\"https:\\\/\\\/www.becker-hrs.at\\\/hrs\\\/partner\\\/\"]}]},{\"@type\":\"BreadcrumbList\",\"@id\":\"https:\\\/\\\/www.becker-hrs.at\\\/hrs\\\/partner\\\/#breadcrumb\",\"itemListElement\":[{\"@type\":\"ListItem\",\"position\":1,\"name\":\"Startseite\",\"item\":\"https:\\\/\\\/www.becker-hrs.at\\\/hrs\\\/startseite\\\/\"},{\"@type\":\"ListItem\",\"position\":2,\"name\":\"Partner\"}]},{\"@type\":\"WebSite\",\"@id\":\"https:\\\/\\\/www.becker-hrs.at\\\/hrs\\\/#website\",\"url\":\"https:\\\/\\\/www.becker-hrs.at\\\/hrs\\\/\",\"name\":\"Becker Human Resource Solutions\",\"description\":\"\",\"potentialAction\":[{\"@type\":\"SearchAction\",\"target\":{\"@type\":\"EntryPoint\",\"urlTemplate\":\"https:\\\/\\\/www.becker-hrs.at\\\/hrs\\\/?s={search_term_string}\"},\"query-input\":{\"@type\":\"PropertyValueSpecification\",\"valueRequired\":true,\"valueName\":\"search_term_string\"}}],\"inLanguage\":\"de\"}]}<\/script>\n<!-- \/ Yoast SEO plugin. -->","yoast_head_json":{"title":"Partner - Becker Human Resource Solutions","robots":{"index":"index","follow":"follow","max-snippet":"max-snippet:-1","max-image-preview":"max-image-preview:large","max-video-preview":"max-video-preview:-1"},"canonical":"https:\/\/www.becker-hrs.at\/hrs\/partner\/","og_locale":"de_DE","og_type":"article","og_title":"Partner - Becker Human Resource Solutions","og_url":"https:\/\/www.becker-hrs.at\/hrs\/partner\/","og_site_name":"Becker Human Resource Solutions","article_modified_time":"2026-03-01T21:38:41+00:00","twitter_card":"summary_large_image","twitter_misc":{"Gesch\u00e4tzte Lesezeit":"3\u00a0Minuten"},"schema":{"@context":"https:\/\/schema.org","@graph":[{"@type":"WebPage","@id":"https:\/\/www.becker-hrs.at\/hrs\/partner\/","url":"https:\/\/www.becker-hrs.at\/hrs\/partner\/","name":"Partner - Becker Human Resource Solutions","isPartOf":{"@id":"https:\/\/www.becker-hrs.at\/hrs\/#website"},"datePublished":"2016-08-05T08:32:39+00:00","dateModified":"2026-03-01T21:38:41+00:00","breadcrumb":{"@id":"https:\/\/www.becker-hrs.at\/hrs\/partner\/#breadcrumb"},"inLanguage":"de","potentialAction":[{"@type":"ReadAction","target":["https:\/\/www.becker-hrs.at\/hrs\/partner\/"]}]},{"@type":"BreadcrumbList","@id":"https:\/\/www.becker-hrs.at\/hrs\/partner\/#breadcrumb","itemListElement":[{"@type":"ListItem","position":1,"name":"Startseite","item":"https:\/\/www.becker-hrs.at\/hrs\/startseite\/"},{"@type":"ListItem","position":2,"name":"Partner"}]},{"@type":"WebSite","@id":"https:\/\/www.becker-hrs.at\/hrs\/#website","url":"https:\/\/www.becker-hrs.at\/hrs\/","name":"Becker Human Resource Solutions","description":"","potentialAction":[{"@type":"SearchAction","target":{"@type":"EntryPoint","urlTemplate":"https:\/\/www.becker-hrs.at\/hrs\/?s={search_term_string}"},"query-input":{"@type":"PropertyValueSpecification","valueRequired":true,"valueName":"search_term_string"}}],"inLanguage":"de"}]}},"_links":{"self":[{"href":"https:\/\/www.becker-hrs.at\/hrs\/wp-json\/wp\/v2\/pages\/533","targetHints":{"allow":["GET"]}}],"collection":[{"href":"https:\/\/www.becker-hrs.at\/hrs\/wp-json\/wp\/v2\/pages"}],"about":[{"href":"https:\/\/www.becker-hrs.at\/hrs\/wp-json\/wp\/v2\/types\/page"}],"author":[{"embeddable":true,"href":"https:\/\/www.becker-hrs.at\/hrs\/wp-json\/wp\/v2\/users\/1"}],"replies":[{"embeddable":true,"href":"https:\/\/www.becker-hrs.at\/hrs\/wp-json\/wp\/v2\/comments?post=533"}],"version-history":[{"count":5,"href":"https:\/\/www.becker-hrs.at\/hrs\/wp-json\/wp\/v2\/pages\/533\/revisions"}],"predecessor-version":[{"id":540,"href":"https:\/\/www.becker-hrs.at\/hrs\/wp-json\/wp\/v2\/pages\/533\/revisions\/540"}],"wp:attachment":[{"href":"https:\/\/www.becker-hrs.at\/hrs\/wp-json\/wp\/v2\/media?parent=533"}],"curies":[{"name":"wp","href":"https:\/\/api.w.org\/{rel}","templated":true}]}}