{"id":489,"date":"2016-08-04T18:17:35","date_gmt":"2016-08-04T16:17:35","guid":{"rendered":"http:\/\/www.becker-medsolutions.eu\/hrs\/?page_id=489"},"modified":"2026-03-01T22:35:01","modified_gmt":"2026-03-01T21:35:01","slug":"businesscoaching","status":"publish","type":"page","link":"https:\/\/www.becker-hrs.at\/hrs\/businesscoaching\/","title":{"rendered":"Buiness Coaching"},"content":{"rendered":"\n\n<style type=\"text\/css\" data-created_by=\"avia_inline_auto\" id=\"style-css-av-115svd-7d3e2f0657b372d7ef296b490f3cb1fa\">\n#top .hr.hr-invisible.av-115svd-7d3e2f0657b372d7ef296b490f3cb1fa{\nheight:50px;\n}\n<\/style>\n<div  class='hr av-115svd-7d3e2f0657b372d7ef296b490f3cb1fa hr-invisible  avia-builder-el-1  el_after_av_image  el_before_av_one_third '><span class='hr-inner '><span class=\"hr-inner-style\"><\/span><\/span><\/div>\n\n<style type=\"text\/css\" data-created_by=\"avia_inline_auto\" id=\"style-css-av-xt8ld-47f7c789e2223a9a61d9a4a480648a3d\">\n.flex_column.av-xt8ld-47f7c789e2223a9a61d9a4a480648a3d{\nborder-radius:0px 0px 0px 0px;\n-webkit-border-radius:0px 0px 0px 0px;\n-moz-border-radius:0px 0px 0px 0px;\npadding:20px 20px 20px 20px;\nbackground-color:#f5f5f5;\n}\n<\/style>\n<div class='flex_column av-xt8ld-47f7c789e2223a9a61d9a4a480648a3d av_one_third  avia-builder-el-2  el_after_av_hr  el_before_av_two_third  first flex_column_div '   ><section  class='av_textblock_section av-s4ba1-8e981337134fa147a0fdb5764bcb5966'  itemscope=\"itemscope\" itemtype=\"https:\/\/schema.org\/CreativeWork\" ><div class='avia_textblock'  itemprop=\"text\" ><h2>Kontakt<\/h2>\n<p><span id=\"result_box\" class=\"\" lang=\"en\"><span class=\"\">F\u00fcr weitere Informationen stehe ich Ihnen sehr gerne zur Verf\u00fcgung.<\/span><\/span><\/p>\n<p><img loading=\"lazy\" decoding=\"async\" class=\"alignleft wp-image-642 size-full\" src=\"http:\/\/www.becker-hrs.at\/hrs\/wp-content\/uploads\/Niki-Becker-1-f\u00fcr-Personalentwicklung-Kontakt-2.jpg\" width=\"2126\" height=\"1535\" srcset=\"https:\/\/www.becker-hrs.at\/hrs\/wp-content\/uploads\/Niki-Becker-1-f\u00fcr-Personalentwicklung-Kontakt-2.jpg 2126w, https:\/\/www.becker-hrs.at\/hrs\/wp-content\/uploads\/Niki-Becker-1-f\u00fcr-Personalentwicklung-Kontakt-2-300x217.jpg 300w, https:\/\/www.becker-hrs.at\/hrs\/wp-content\/uploads\/Niki-Becker-1-f\u00fcr-Personalentwicklung-Kontakt-2-768x555.jpg 768w, https:\/\/www.becker-hrs.at\/hrs\/wp-content\/uploads\/Niki-Becker-1-f\u00fcr-Personalentwicklung-Kontakt-2-1030x744.jpg 1030w, https:\/\/www.becker-hrs.at\/hrs\/wp-content\/uploads\/Niki-Becker-1-f\u00fcr-Personalentwicklung-Kontakt-2-1500x1083.jpg 1500w, https:\/\/www.becker-hrs.at\/hrs\/wp-content\/uploads\/Niki-Becker-1-f\u00fcr-Personalentwicklung-Kontakt-2-705x509.jpg 705w, https:\/\/www.becker-hrs.at\/hrs\/wp-content\/uploads\/Niki-Becker-1-f\u00fcr-Personalentwicklung-Kontakt-2-450x325.jpg 450w\" sizes=\"auto, (max-width: 2126px) 100vw, 2126px\" \/><\/p>\n<p><strong>Nikolaus Becker, MSc<\/strong><\/p>\n<p>Telefon: <span class=\"ff2 cf3 fs22\">+43 (0)1-<wbr \/>96 60 210<\/span><br \/>\nMobil: +43 (0) 664 3868000<\/p>\n<div  class='avia-button-wrap avia-button-left  avia-builder-el-4  avia-builder-el-no-sibling ' ><a href='mailto:mailto:office@becker-hrs.at' class='avia-button av-kcvv5-203b49502aadeea966d5b4e3afbe967f avia-icon_select-no avia-size-small avia-position-left avia-color-theme-color' target=\"_blank\" rel=\"noopener noreferrer\"><span class='avia_iconbox_title' >E-Mail<\/span><\/a><\/div>\n<\/div><\/section><\/div>\n\n<style type=\"text\/css\" data-created_by=\"avia_inline_auto\" id=\"style-css-av-gbi2h-abc1905d59c2d532a4d63360785a7871\">\n.flex_column.av-gbi2h-abc1905d59c2d532a4d63360785a7871{\nborder-radius:0px 0px 0px 0px;\n-webkit-border-radius:0px 0px 0px 0px;\n-moz-border-radius:0px 0px 0px 0px;\n}\n<\/style>\n<div class='flex_column av-gbi2h-abc1905d59c2d532a4d63360785a7871 av_two_third  avia-builder-el-5  el_after_av_one_third  avia-builder-el-last  flex_column_div av-zero-column-padding '   ><section  class='av_textblock_section av-77trt-8c88506f404312fc2560cc20129514df'  itemscope=\"itemscope\" itemtype=\"https:\/\/schema.org\/CreativeWork\" ><div class='avia_textblock'  itemprop=\"text\" ><h1>Business Coaching<\/h1>\n<p>In vielen Unternehmen wird heute bereits erfolgreich Business Coaching f\u00fcr F\u00fchrungskr\u00e4fte, Spezialisten, Potentialtr\u00e4gern und Fachkr\u00e4ften angeboten und als ein effektives Instrument der Personal- und Organisationsentwicklung eingesetzt.<\/p>\n<p>Bei individuellen Fragestellungen\u00a0 z.B. innerhalb einer Organisationsentwicklung ist es oft zielf\u00fchrend, ein 1:1 Coaching den Mitarbeitern f\u00fcr ihre Fragestellungen und Themen mitanzubieten.<\/p>\n<p>Als systemisch-komplemet\u00e4rer Coach unterst\u00fctzen wir Sie bei wichtigen Themen\/Fragestellungen, professionell ud wertsch\u00e4tzend, mit zielf\u00fchrenden Interventionen und Impulsen.<\/p>\n<p><strong>Gerne stehen wir Ihnen f\u00fcr ein Erstgespr\u00e4ch zur Verf\u00fcgung!<\/strong><\/p>\n<\/div><\/section><\/div>\n","protected":false},"excerpt":{"rendered":"","protected":false},"author":1,"featured_media":0,"parent":0,"menu_order":0,"comment_status":"closed","ping_status":"closed","template":"","meta":{"footnotes":""},"class_list":["post-489","page","type-page","status-publish","hentry"],"yoast_head":"<!-- This site is optimized with the Yoast SEO plugin v27.3 - https:\/\/yoast.com\/product\/yoast-seo-wordpress\/ -->\n<title>Buiness Coaching - Becker Human Resource Solutions<\/title>\n<meta name=\"robots\" content=\"index, follow, max-snippet:-1, max-image-preview:large, max-video-preview:-1\" \/>\n<link rel=\"canonical\" href=\"https:\/\/www.becker-hrs.at\/hrs\/businesscoaching\/\" \/>\n<meta property=\"og:locale\" content=\"de_DE\" \/>\n<meta property=\"og:type\" content=\"article\" \/>\n<meta property=\"og:title\" content=\"Buiness Coaching - Becker Human Resource Solutions\" \/>\n<meta property=\"og:url\" content=\"https:\/\/www.becker-hrs.at\/hrs\/businesscoaching\/\" \/>\n<meta property=\"og:site_name\" content=\"Becker Human Resource Solutions\" \/>\n<meta property=\"article:modified_time\" content=\"2026-03-01T21:35:01+00:00\" \/>\n<meta name=\"twitter:card\" content=\"summary_large_image\" \/>\n<meta name=\"twitter:label1\" content=\"Gesch\u00e4tzte Lesezeit\" \/>\n\t<meta name=\"twitter:data1\" content=\"2\u00a0Minuten\" \/>\n<script type=\"application\/ld+json\" class=\"yoast-schema-graph\">{\"@context\":\"https:\\\/\\\/schema.org\",\"@graph\":[{\"@type\":\"WebPage\",\"@id\":\"https:\\\/\\\/www.becker-hrs.at\\\/hrs\\\/businesscoaching\\\/\",\"url\":\"https:\\\/\\\/www.becker-hrs.at\\\/hrs\\\/businesscoaching\\\/\",\"name\":\"Buiness Coaching - Becker Human Resource Solutions\",\"isPartOf\":{\"@id\":\"https:\\\/\\\/www.becker-hrs.at\\\/hrs\\\/#website\"},\"datePublished\":\"2016-08-04T16:17:35+00:00\",\"dateModified\":\"2026-03-01T21:35:01+00:00\",\"breadcrumb\":{\"@id\":\"https:\\\/\\\/www.becker-hrs.at\\\/hrs\\\/businesscoaching\\\/#breadcrumb\"},\"inLanguage\":\"de\",\"potentialAction\":[{\"@type\":\"ReadAction\",\"target\":[\"https:\\\/\\\/www.becker-hrs.at\\\/hrs\\\/businesscoaching\\\/\"]}]},{\"@type\":\"BreadcrumbList\",\"@id\":\"https:\\\/\\\/www.becker-hrs.at\\\/hrs\\\/businesscoaching\\\/#breadcrumb\",\"itemListElement\":[{\"@type\":\"ListItem\",\"position\":1,\"name\":\"Startseite\",\"item\":\"https:\\\/\\\/www.becker-hrs.at\\\/hrs\\\/startseite\\\/\"},{\"@type\":\"ListItem\",\"position\":2,\"name\":\"Buiness Coaching\"}]},{\"@type\":\"WebSite\",\"@id\":\"https:\\\/\\\/www.becker-hrs.at\\\/hrs\\\/#website\",\"url\":\"https:\\\/\\\/www.becker-hrs.at\\\/hrs\\\/\",\"name\":\"Becker Human Resource Solutions\",\"description\":\"\",\"potentialAction\":[{\"@type\":\"SearchAction\",\"target\":{\"@type\":\"EntryPoint\",\"urlTemplate\":\"https:\\\/\\\/www.becker-hrs.at\\\/hrs\\\/?s={search_term_string}\"},\"query-input\":{\"@type\":\"PropertyValueSpecification\",\"valueRequired\":true,\"valueName\":\"search_term_string\"}}],\"inLanguage\":\"de\"}]}<\/script>\n<!-- \/ Yoast SEO plugin. -->","yoast_head_json":{"title":"Buiness Coaching - Becker Human Resource Solutions","robots":{"index":"index","follow":"follow","max-snippet":"max-snippet:-1","max-image-preview":"max-image-preview:large","max-video-preview":"max-video-preview:-1"},"canonical":"https:\/\/www.becker-hrs.at\/hrs\/businesscoaching\/","og_locale":"de_DE","og_type":"article","og_title":"Buiness Coaching - Becker Human Resource Solutions","og_url":"https:\/\/www.becker-hrs.at\/hrs\/businesscoaching\/","og_site_name":"Becker Human Resource Solutions","article_modified_time":"2026-03-01T21:35:01+00:00","twitter_card":"summary_large_image","twitter_misc":{"Gesch\u00e4tzte Lesezeit":"2\u00a0Minuten"},"schema":{"@context":"https:\/\/schema.org","@graph":[{"@type":"WebPage","@id":"https:\/\/www.becker-hrs.at\/hrs\/businesscoaching\/","url":"https:\/\/www.becker-hrs.at\/hrs\/businesscoaching\/","name":"Buiness Coaching - Becker Human Resource Solutions","isPartOf":{"@id":"https:\/\/www.becker-hrs.at\/hrs\/#website"},"datePublished":"2016-08-04T16:17:35+00:00","dateModified":"2026-03-01T21:35:01+00:00","breadcrumb":{"@id":"https:\/\/www.becker-hrs.at\/hrs\/businesscoaching\/#breadcrumb"},"inLanguage":"de","potentialAction":[{"@type":"ReadAction","target":["https:\/\/www.becker-hrs.at\/hrs\/businesscoaching\/"]}]},{"@type":"BreadcrumbList","@id":"https:\/\/www.becker-hrs.at\/hrs\/businesscoaching\/#breadcrumb","itemListElement":[{"@type":"ListItem","position":1,"name":"Startseite","item":"https:\/\/www.becker-hrs.at\/hrs\/startseite\/"},{"@type":"ListItem","position":2,"name":"Buiness Coaching"}]},{"@type":"WebSite","@id":"https:\/\/www.becker-hrs.at\/hrs\/#website","url":"https:\/\/www.becker-hrs.at\/hrs\/","name":"Becker Human Resource Solutions","description":"","potentialAction":[{"@type":"SearchAction","target":{"@type":"EntryPoint","urlTemplate":"https:\/\/www.becker-hrs.at\/hrs\/?s={search_term_string}"},"query-input":{"@type":"PropertyValueSpecification","valueRequired":true,"valueName":"search_term_string"}}],"inLanguage":"de"}]}},"_links":{"self":[{"href":"https:\/\/www.becker-hrs.at\/hrs\/wp-json\/wp\/v2\/pages\/489","targetHints":{"allow":["GET"]}}],"collection":[{"href":"https:\/\/www.becker-hrs.at\/hrs\/wp-json\/wp\/v2\/pages"}],"about":[{"href":"https:\/\/www.becker-hrs.at\/hrs\/wp-json\/wp\/v2\/types\/page"}],"author":[{"embeddable":true,"href":"https:\/\/www.becker-hrs.at\/hrs\/wp-json\/wp\/v2\/users\/1"}],"replies":[{"embeddable":true,"href":"https:\/\/www.becker-hrs.at\/hrs\/wp-json\/wp\/v2\/comments?post=489"}],"version-history":[{"count":4,"href":"https:\/\/www.becker-hrs.at\/hrs\/wp-json\/wp\/v2\/pages\/489\/revisions"}],"predecessor-version":[{"id":1133,"href":"https:\/\/www.becker-hrs.at\/hrs\/wp-json\/wp\/v2\/pages\/489\/revisions\/1133"}],"wp:attachment":[{"href":"https:\/\/www.becker-hrs.at\/hrs\/wp-json\/wp\/v2\/media?parent=489"}],"curies":[{"name":"wp","href":"https:\/\/api.w.org\/{rel}","templated":true}]}}